{"id":770,"date":"2023-10-11T14:24:48","date_gmt":"2023-10-11T07:24:48","guid":{"rendered":"https:\/\/giaodien.3bvietnam.com\/nhikorea\/?post_type=product&#038;p=770"},"modified":"2023-10-12T13:23:40","modified_gmt":"2023-10-12T06:23:40","slug":"nuoc-hong-sam-kanghwa-80ml-x-30-goi","status":"publish","type":"product","link":"https:\/\/giaodien.3bvietnam.com\/nhikorea\/san-pham\/nuoc-hong-sam-kanghwa-80ml-x-30-goi\/","title":{"rendered":"N\u01b0\u1edbc H\u1ed3ng S\u00e2m Kanghwa( 80ml x 30 g\u00f3i)"},"content":{"rendered":"<p><span style=\"font-weight: 400;\">\u2705TH\u00c0NH PH\u1ea6N<\/span><\/p>\n<ul>\n<li>\u0110\u01b0\u1ee3c chi\u1ebft xu\u1ea5t v\u1edbi th\u00e0nh ph\u1ea7n h\u1ed3ng s\u00e2m 6 n\u0103m tu\u1ed5i H\u00e0n Qu\u1ed1c c\u00f4ng th\u1ee9c \u0111\u1eadm \u0111\u00e0 v\u1ecb s\u00e2m th\u01a1m ngon, chu\u1ea9n v\u1ecb h\u1ed3ng s\u00e2m v\u00e0 thanh m\u00e1t<\/li>\n<li>\u0110\u01b0\u1ee3c ch\u1ebf bi\u1ebfn v\u1edbi c\u00f4ng th\u1ee9c gi\u1ea3m t\u1ed1i \u0111a l\u01b0\u1ee3ng \u0111\u01b0\u1eddng. r\u1ea5t th\u00edch h\u1ee3p cho ng\u01b0\u1eddi b\u1ecb ti\u1ec3u \u0111\u01b0\u1eddng, huy\u1ebft \u00e1p cao, nh\u1eefng ng\u01b0\u1eddi c\u1ea7n h\u1ea1n ch\u1ebf dung n\u1ea1p \u0111\u01b0\u1eddng, ng\u01b0\u1eddi \u0103n ki\u00eang, ng\u01b0\u1eddi mu\u1ed1n gi\u1ea3m c\u00e2n v.v<\/li>\n<\/ul>\n<p><span style=\"font-weight: 400;\">\u2705C\u00d4NG D\u1ee4NG<\/span><\/p>\n<ul>\n<li><span style=\"font-weight: 400;\">B\u1ed3i b\u1ed5 s\u1ee9c kh\u1ecfe to\u00e0n di\u1ec7n, gi\u00fap t\u0103ng s\u1ee9c \u0111\u1ec1 kh\u00e1ng v\u00e0 t\u0103ng c\u01b0\u1eddng h\u1ec7 mi\u1ec5n d\u1ecbch c\u1ee7a c\u01a1 th\u1ec3<\/span><\/li>\n<li>Gi\u00fap \u1ed5n \u0111\u1ecbnh huy\u1ebft \u00e1p,v\u00e0 \u0111\u01b0\u1eddng huy\u1ebft<\/li>\n<li>Gi\u00fap \u0111\u00e0o th\u1ea3i \u0111\u1ed9c t\u1ed1 ,m\u00e1u huy\u1ebft l\u01b0u th\u00f4ng<\/li>\n<li>Ph\u1ee5c h\u1ed3i s\u1ee9c l\u1ef1c do m\u1ec7t m\u1ecfi, gi\u1ea3m stress t\u0103ng c\u01b0\u1eddng tr\u00ed nh\u1edb<\/li>\n<li>Ph\u1ee5c h\u1ed3i s\u1ee9c kh\u1ecfe sau khi \u1ed1m, sau khi ph\u1eabu thu\u1eadt ho\u1eb7c khi suy nh\u01b0\u1ee3c c\u01a1 th\u1ec3<\/li>\n<li>Gi\u00fap gi\u1ea3i \u0111\u1ed9c gan v\u00e0 th\u1eadn, u\u1ed1ng tr\u01b0\u1edbc khi u\u1ed1ng r\u01b0\u1ee3u gi\u00fap b\u1ea3o v\u1ec7 l\u00e1 gan r\u1ea5t hi\u1ec7u qu\u1ea3<\/li>\n<li>B\u1ed5 m\u00e1u, gi\u00fap da d\u1ebb h\u1ed3ng h\u00e0o<\/li>\n<li>C\u1ea3i thi\u1ec7n ch\u1ee9c n\u0103ng sinh l\u00fd nam gi\u1edbi, c\u1ea3i thi\u1ec7n ch\u1ea5t l\u01b0\u1ee3ng tinh tr\u00f9ng, t\u0103ng kh\u1ea3 n\u0103ng th\u1ee5 thai<\/li>\n<\/ul>\n<p><span style=\"font-weight: 400;\">\u2705C\u00c1CH D\u00d9NG<\/span><\/p>\n<ul>\n<li><span style=\"font-weight: 400;\">Ng\u00e0y d\u00f9ng 2 l\u1ea7n, m\u1ed7i l\u1ea7n 1 g\u00f3i. S\u1eed d\u1ee5ng t\u1ed1t nh\u1ea5t tr\u01b0\u1edbc b\u1eefa \u0103n 15 ph\u00fat \u0111\u1ebfn 20 ph\u00fat.<\/span><\/li>\n<li>Tr\u1ebb em th\u00ec u\u1ed1ng n\u1eeda g\u00f3i 1 ng\u00e0y.<\/li>\n<\/ul>\n","protected":false},"excerpt":{"rendered":"<p><span style=\"font-weight: 400;\">Xu\u1ea5t x\u1ee9: <\/span><span style=\"font-weight: 400;\">\ufe0fH\u00e0n Qu\u1ed1c<\/span><\/p>\n<p>Quy c\u00e1ch: 80ml x 30 g\u00f3i<\/p>\n","protected":false},"featured_media":771,"comment_status":"closed","ping_status":"closed","template":"","meta":[],"product_cat":[59,58],"product_tag":[],"yoast_head":"<!-- This site is optimized with the Yoast SEO plugin v21.3 - https:\/\/yoast.com\/wordpress\/plugins\/seo\/ -->\n<title>N\u01b0\u1edbc H\u1ed3ng S\u00e2m Kanghwa( 80ml x 30 g\u00f3i) - Nhikorea<\/title>\n<meta name=\"robots\" content=\"index, follow, max-snippet:-1, max-image-preview:large, max-video-preview:-1\" \/>\n<link rel=\"canonical\" href=\"https:\/\/giaodien.3bvietnam.com\/nhikorea\/san-pham\/nuoc-hong-sam-kanghwa-80ml-x-30-goi\/\" \/>\n<meta property=\"og:locale\" content=\"vi_VN\" \/>\n<meta property=\"og:type\" content=\"article\" \/>\n<meta property=\"og:title\" content=\"N\u01b0\u1edbc H\u1ed3ng S\u00e2m Kanghwa( 80ml x 30 g\u00f3i) - Nhikorea\" \/>\n<meta property=\"og:description\" content=\"Xu\u1ea5t x\u1ee9: \ufe0fH\u00e0n Qu\u1ed1c  Quy c\u00e1ch: 80ml x 30 g\u00f3i\" \/>\n<meta property=\"og:url\" content=\"https:\/\/giaodien.3bvietnam.com\/nhikorea\/san-pham\/nuoc-hong-sam-kanghwa-80ml-x-30-goi\/\" \/>\n<meta property=\"og:site_name\" content=\"Nhikorea\" \/>\n<meta property=\"article:modified_time\" content=\"2023-10-12T06:23:40+00:00\" \/>\n<meta property=\"og:image\" content=\"https:\/\/giaodien.3bvietnam.com\/nhikorea\/wp-content\/uploads\/2023\/10\/35.Nuoc-hong-sam-Kanghwa-2-1.jpg\" \/>\n\t<meta property=\"og:image:width\" content=\"1200\" \/>\n\t<meta property=\"og:image:height\" content=\"1200\" \/>\n\t<meta property=\"og:image:type\" content=\"image\/jpeg\" \/>\n<meta name=\"twitter:card\" content=\"summary_large_image\" \/>\n<meta name=\"twitter:label1\" content=\"\u01af\u1edbc t\u00ednh th\u1eddi gian \u0111\u1ecdc\" \/>\n\t<meta name=\"twitter:data1\" content=\"2 ph\u00fat\" \/>\n<script type=\"application\/ld+json\" class=\"yoast-schema-graph\">{\"@context\":\"https:\/\/schema.org\",\"@graph\":[{\"@type\":\"WebPage\",\"@id\":\"https:\/\/giaodien.3bvietnam.com\/nhikorea\/san-pham\/nuoc-hong-sam-kanghwa-80ml-x-30-goi\/\",\"url\":\"https:\/\/giaodien.3bvietnam.com\/nhikorea\/san-pham\/nuoc-hong-sam-kanghwa-80ml-x-30-goi\/\",\"name\":\"N\u01b0\u1edbc H\u1ed3ng S\u00e2m Kanghwa( 80ml x 30 g\u00f3i) - Nhikorea\",\"isPartOf\":{\"@id\":\"https:\/\/giaodien.3bvietnam.com\/nhikorea\/#website\"},\"datePublished\":\"2023-10-11T07:24:48+00:00\",\"dateModified\":\"2023-10-12T06:23:40+00:00\",\"breadcrumb\":{\"@id\":\"https:\/\/giaodien.3bvietnam.com\/nhikorea\/san-pham\/nuoc-hong-sam-kanghwa-80ml-x-30-goi\/#breadcrumb\"},\"inLanguage\":\"vi\",\"potentialAction\":[{\"@type\":\"ReadAction\",\"target\":[\"https:\/\/giaodien.3bvietnam.com\/nhikorea\/san-pham\/nuoc-hong-sam-kanghwa-80ml-x-30-goi\/\"]}]},{\"@type\":\"BreadcrumbList\",\"@id\":\"https:\/\/giaodien.3bvietnam.com\/nhikorea\/san-pham\/nuoc-hong-sam-kanghwa-80ml-x-30-goi\/#breadcrumb\",\"itemListElement\":[{\"@type\":\"ListItem\",\"position\":1,\"name\":\"Home\",\"item\":\"https:\/\/giaodien.3bvietnam.com\/nhikorea\/\"},{\"@type\":\"ListItem\",\"position\":2,\"name\":\"S\u1ea3n ph\u1ea9m\",\"item\":\"https:\/\/giaodien.3bvietnam.com\/nhikorea\/san-pham\/\"},{\"@type\":\"ListItem\",\"position\":3,\"name\":\"N\u01b0\u1edbc H\u1ed3ng S\u00e2m Kanghwa( 80ml x 30 g\u00f3i)\"}]},{\"@type\":\"WebSite\",\"@id\":\"https:\/\/giaodien.3bvietnam.com\/nhikorea\/#website\",\"url\":\"https:\/\/giaodien.3bvietnam.com\/nhikorea\/\",\"name\":\"Nhikorea\",\"description\":\"\",\"potentialAction\":[{\"@type\":\"SearchAction\",\"target\":{\"@type\":\"EntryPoint\",\"urlTemplate\":\"https:\/\/giaodien.3bvietnam.com\/nhikorea\/?s={search_term_string}\"},\"query-input\":\"required name=search_term_string\"}],\"inLanguage\":\"vi\"}]}<\/script>\n<!-- \/ Yoast SEO plugin. -->","yoast_head_json":{"title":"N\u01b0\u1edbc H\u1ed3ng S\u00e2m Kanghwa( 80ml x 30 g\u00f3i) - Nhikorea","robots":{"index":"index","follow":"follow","max-snippet":"max-snippet:-1","max-image-preview":"max-image-preview:large","max-video-preview":"max-video-preview:-1"},"canonical":"https:\/\/giaodien.3bvietnam.com\/nhikorea\/san-pham\/nuoc-hong-sam-kanghwa-80ml-x-30-goi\/","og_locale":"vi_VN","og_type":"article","og_title":"N\u01b0\u1edbc H\u1ed3ng S\u00e2m Kanghwa( 80ml x 30 g\u00f3i) - Nhikorea","og_description":"Xu\u1ea5t x\u1ee9: \ufe0fH\u00e0n Qu\u1ed1c  Quy c\u00e1ch: 80ml x 30 g\u00f3i","og_url":"https:\/\/giaodien.3bvietnam.com\/nhikorea\/san-pham\/nuoc-hong-sam-kanghwa-80ml-x-30-goi\/","og_site_name":"Nhikorea","article_modified_time":"2023-10-12T06:23:40+00:00","og_image":[{"width":1200,"height":1200,"url":"https:\/\/giaodien.3bvietnam.com\/nhikorea\/wp-content\/uploads\/2023\/10\/35.Nuoc-hong-sam-Kanghwa-2-1.jpg","type":"image\/jpeg"}],"twitter_card":"summary_large_image","twitter_misc":{"\u01af\u1edbc t\u00ednh th\u1eddi gian \u0111\u1ecdc":"2 ph\u00fat"},"schema":{"@context":"https:\/\/schema.org","@graph":[{"@type":"WebPage","@id":"https:\/\/giaodien.3bvietnam.com\/nhikorea\/san-pham\/nuoc-hong-sam-kanghwa-80ml-x-30-goi\/","url":"https:\/\/giaodien.3bvietnam.com\/nhikorea\/san-pham\/nuoc-hong-sam-kanghwa-80ml-x-30-goi\/","name":"N\u01b0\u1edbc H\u1ed3ng S\u00e2m Kanghwa( 80ml x 30 g\u00f3i) - Nhikorea","isPartOf":{"@id":"https:\/\/giaodien.3bvietnam.com\/nhikorea\/#website"},"datePublished":"2023-10-11T07:24:48+00:00","dateModified":"2023-10-12T06:23:40+00:00","breadcrumb":{"@id":"https:\/\/giaodien.3bvietnam.com\/nhikorea\/san-pham\/nuoc-hong-sam-kanghwa-80ml-x-30-goi\/#breadcrumb"},"inLanguage":"vi","potentialAction":[{"@type":"ReadAction","target":["https:\/\/giaodien.3bvietnam.com\/nhikorea\/san-pham\/nuoc-hong-sam-kanghwa-80ml-x-30-goi\/"]}]},{"@type":"BreadcrumbList","@id":"https:\/\/giaodien.3bvietnam.com\/nhikorea\/san-pham\/nuoc-hong-sam-kanghwa-80ml-x-30-goi\/#breadcrumb","itemListElement":[{"@type":"ListItem","position":1,"name":"Home","item":"https:\/\/giaodien.3bvietnam.com\/nhikorea\/"},{"@type":"ListItem","position":2,"name":"S\u1ea3n ph\u1ea9m","item":"https:\/\/giaodien.3bvietnam.com\/nhikorea\/san-pham\/"},{"@type":"ListItem","position":3,"name":"N\u01b0\u1edbc H\u1ed3ng S\u00e2m Kanghwa( 80ml x 30 g\u00f3i)"}]},{"@type":"WebSite","@id":"https:\/\/giaodien.3bvietnam.com\/nhikorea\/#website","url":"https:\/\/giaodien.3bvietnam.com\/nhikorea\/","name":"Nhikorea","description":"","potentialAction":[{"@type":"SearchAction","target":{"@type":"EntryPoint","urlTemplate":"https:\/\/giaodien.3bvietnam.com\/nhikorea\/?s={search_term_string}"},"query-input":"required name=search_term_string"}],"inLanguage":"vi"}]}},"_links":{"self":[{"href":"https:\/\/giaodien.3bvietnam.com\/nhikorea\/wp-json\/wp\/v2\/product\/770"}],"collection":[{"href":"https:\/\/giaodien.3bvietnam.com\/nhikorea\/wp-json\/wp\/v2\/product"}],"about":[{"href":"https:\/\/giaodien.3bvietnam.com\/nhikorea\/wp-json\/wp\/v2\/types\/product"}],"replies":[{"embeddable":true,"href":"https:\/\/giaodien.3bvietnam.com\/nhikorea\/wp-json\/wp\/v2\/comments?post=770"}],"wp:featuredmedia":[{"embeddable":true,"href":"https:\/\/giaodien.3bvietnam.com\/nhikorea\/wp-json\/wp\/v2\/media\/771"}],"wp:attachment":[{"href":"https:\/\/giaodien.3bvietnam.com\/nhikorea\/wp-json\/wp\/v2\/media?parent=770"}],"wp:term":[{"taxonomy":"product_cat","embeddable":true,"href":"https:\/\/giaodien.3bvietnam.com\/nhikorea\/wp-json\/wp\/v2\/product_cat?post=770"},{"taxonomy":"product_tag","embeddable":true,"href":"https:\/\/giaodien.3bvietnam.com\/nhikorea\/wp-json\/wp\/v2\/product_tag?post=770"}],"curies":[{"name":"wp","href":"https:\/\/api.w.org\/{rel}","templated":true}]}}