{"id":759,"date":"2023-10-11T13:41:27","date_gmt":"2023-10-11T06:41:27","guid":{"rendered":"https:\/\/giaodien.3bvietnam.com\/nhikorea\/?post_type=product&#038;p=759"},"modified":"2023-10-11T13:41:29","modified_gmt":"2023-10-11T06:41:29","slug":"tinh-chat-dong-trung-ha-thao-cao-cap-30mlx60-goi","status":"publish","type":"product","link":"https:\/\/giaodien.3bvietnam.com\/nhikorea\/san-pham\/tinh-chat-dong-trung-ha-thao-cao-cap-30mlx60-goi\/","title":{"rendered":"Tinh ch\u1ea5t \u0111\u00f4ng tr\u00f9ng h\u1ea1 th\u1ea3o cao c\u1ea5p (30ml\u00d760 g\u00f3i)"},"content":{"rendered":"<p><span style=\"font-weight: 400;\">\u2705<\/span> C\u00d4NG D\u1ee4NG:<\/p>\n<ul>\n<li><span style=\"font-weight: 400;\">C\u00e2n b\u1eb1ng huy\u1ebft \u00e1p t\u0103ng s\u1ee9c \u0111\u1ec1 kh\u00e1ng.<\/span><\/li>\n<li>H\u1ea5p th\u1ee5 nhanh , t\u0103ng c\u01b0\u1eddng h\u1ec7 mi\u1ec5n d\u1ecbch cho c\u01a1 th\u1ec3.<\/li>\n<li>Gi\u00fap l\u00e0m ch\u1eadm qu\u00e1 tr\u00ecnh l\u00e3o h\u00f3a , h\u1ea1n ch\u1ebf v\u00e0 ng\u0103n ng\u1eeba b\u1ec7nh<\/li>\n<li>C\u00f3 t\u00e1c d\u1ee5ng an th\u1ea7n, gi\u1ea3m stress\u00a0 trong c\u00f4ng vi\u1ec7c v\u00e0 \u00e1p l\u1ef1c cu\u1ed9c s\u1ed1ng<\/li>\n<li>T\u0103ng c\u01b0\u1eddng ch\u1ee9c n\u0103ng h\u1ec7 ti\u00eau h\u00f3a.<\/li>\n<li>T\u0103ng kh\u1ea3 n\u0103ng sinh l\u00fd Nam v\u00e0 N\u1eef ,ch\u1ed1ng xu\u1ea5t tinh s\u1edbm<\/li>\n<li>L\u00e0 gi\u1ea3i ph\u00e1p gi\u00fap b\u1ed3i b\u1ed5 s\u1ee9c kh\u1ecfe cho ng\u01b0\u1eddi m\u1edbi \u1ed1m d\u1eady<\/li>\n<li>Gi\u00fap h\u1ed7 tr\u1ee3 ph\u00f2ng ch\u1ed1ng c\u00e1c ch\u1ee9ng b\u1ec7nh v\u1ec1\u00a0 \u0111\u01b0\u1eddng h\u00f4 h\u1ea5p<\/li>\n<li>Gi\u1ea3m l\u01b0\u1ee3ng cholesterol trong m\u00e1u,ng\u1eeba\u00a0 c\u00e1c b\u1ec7nh v\u1ec1 tim m\u1ea1ch.<\/li>\n<\/ul>\n<p><span style=\"font-weight: 400;\">\u2705<\/span>\u0110\u1ed0I T\u01af\u1ee2NG S\u1eec D\u1ee4NG<\/p>\n<ul>\n<li>Nam, n\u1eef, ng\u01b0\u1eddi m\u1edbi \u1ed1m d\u1eady<\/li>\n<\/ul>\n<p><span style=\"font-weight: 400;\">\u2705 C\u00c1CH D\u00d9NG<\/span><\/p>\n<ul>\n<li><span style=\"font-weight: 400;\">Ng\u00e0y 1 ~2 l\u1ea7n.m\u1ed7i l\u1ea7n 1 g\u00f3i<\/span><\/li>\n<li><span style=\"font-weight: 400;\">L\u1eafc \u0111\u1ec1u tr\u01b0\u1edbc khi d\u00f9ng, d\u00f9ng tr\u1ef1c ti\u1ebfp ho\u1eb7c \u0111\u1ec3 t\u1ee7 l\u1ea1nh<\/span><\/li>\n<\/ul>\n","protected":false},"excerpt":{"rendered":"<p><span style=\"font-weight: 400;\">Xu\u1ea5t X\u1ee9: H\u00e0n Qu\u1ed1c<\/span><\/p>\n<p><span style=\"font-weight: 400;\">Quy C\u00e1ch : 30ml \u00d7 60 g\u00f3i\u00a0<\/span><\/p>\n","protected":false},"featured_media":760,"comment_status":"closed","ping_status":"closed","template":"","meta":[],"product_cat":[30],"product_tag":[],"yoast_head":"<!-- This site is optimized with the Yoast SEO plugin v21.3 - https:\/\/yoast.com\/wordpress\/plugins\/seo\/ -->\n<title>Tinh ch\u1ea5t \u0111\u00f4ng tr\u00f9ng h\u1ea1 th\u1ea3o cao c\u1ea5p (30ml\u00d760 g\u00f3i) - Nhikorea<\/title>\n<meta name=\"robots\" content=\"index, follow, max-snippet:-1, max-image-preview:large, max-video-preview:-1\" \/>\n<link rel=\"canonical\" href=\"https:\/\/giaodien.3bvietnam.com\/nhikorea\/san-pham\/tinh-chat-dong-trung-ha-thao-cao-cap-30mlx60-goi\/\" \/>\n<meta property=\"og:locale\" content=\"vi_VN\" \/>\n<meta property=\"og:type\" content=\"article\" \/>\n<meta property=\"og:title\" content=\"Tinh ch\u1ea5t \u0111\u00f4ng tr\u00f9ng h\u1ea1 th\u1ea3o cao c\u1ea5p (30ml\u00d760 g\u00f3i) - Nhikorea\" \/>\n<meta property=\"og:description\" content=\"Xu\u1ea5t X\u1ee9: H\u00e0n Qu\u1ed1c  Quy C\u00e1ch : 30ml \u00d7 60 g\u00f3i\u00a0\" \/>\n<meta property=\"og:url\" content=\"https:\/\/giaodien.3bvietnam.com\/nhikorea\/san-pham\/tinh-chat-dong-trung-ha-thao-cao-cap-30mlx60-goi\/\" \/>\n<meta property=\"og:site_name\" content=\"Nhikorea\" \/>\n<meta property=\"article:modified_time\" content=\"2023-10-11T06:41:29+00:00\" \/>\n<meta property=\"og:image\" content=\"https:\/\/giaodien.3bvietnam.com\/nhikorea\/wp-content\/uploads\/2023\/10\/20.Tinh-chat-dong-trung-ha-thao-cao-cap-2-1.png\" \/>\n\t<meta property=\"og:image:width\" content=\"1200\" \/>\n\t<meta property=\"og:image:height\" content=\"1200\" \/>\n\t<meta property=\"og:image:type\" content=\"image\/png\" \/>\n<meta name=\"twitter:card\" content=\"summary_large_image\" \/>\n<meta name=\"twitter:label1\" content=\"\u01af\u1edbc t\u00ednh th\u1eddi gian \u0111\u1ecdc\" \/>\n\t<meta name=\"twitter:data1\" content=\"1 ph\u00fat\" \/>\n<script type=\"application\/ld+json\" class=\"yoast-schema-graph\">{\"@context\":\"https:\/\/schema.org\",\"@graph\":[{\"@type\":\"WebPage\",\"@id\":\"https:\/\/giaodien.3bvietnam.com\/nhikorea\/san-pham\/tinh-chat-dong-trung-ha-thao-cao-cap-30mlx60-goi\/\",\"url\":\"https:\/\/giaodien.3bvietnam.com\/nhikorea\/san-pham\/tinh-chat-dong-trung-ha-thao-cao-cap-30mlx60-goi\/\",\"name\":\"Tinh ch\u1ea5t \u0111\u00f4ng tr\u00f9ng h\u1ea1 th\u1ea3o cao c\u1ea5p (30ml\u00d760 g\u00f3i) - Nhikorea\",\"isPartOf\":{\"@id\":\"https:\/\/giaodien.3bvietnam.com\/nhikorea\/#website\"},\"datePublished\":\"2023-10-11T06:41:27+00:00\",\"dateModified\":\"2023-10-11T06:41:29+00:00\",\"breadcrumb\":{\"@id\":\"https:\/\/giaodien.3bvietnam.com\/nhikorea\/san-pham\/tinh-chat-dong-trung-ha-thao-cao-cap-30mlx60-goi\/#breadcrumb\"},\"inLanguage\":\"vi\",\"potentialAction\":[{\"@type\":\"ReadAction\",\"target\":[\"https:\/\/giaodien.3bvietnam.com\/nhikorea\/san-pham\/tinh-chat-dong-trung-ha-thao-cao-cap-30mlx60-goi\/\"]}]},{\"@type\":\"BreadcrumbList\",\"@id\":\"https:\/\/giaodien.3bvietnam.com\/nhikorea\/san-pham\/tinh-chat-dong-trung-ha-thao-cao-cap-30mlx60-goi\/#breadcrumb\",\"itemListElement\":[{\"@type\":\"ListItem\",\"position\":1,\"name\":\"Home\",\"item\":\"https:\/\/giaodien.3bvietnam.com\/nhikorea\/\"},{\"@type\":\"ListItem\",\"position\":2,\"name\":\"S\u1ea3n ph\u1ea9m\",\"item\":\"https:\/\/giaodien.3bvietnam.com\/nhikorea\/san-pham\/\"},{\"@type\":\"ListItem\",\"position\":3,\"name\":\"Tinh ch\u1ea5t \u0111\u00f4ng tr\u00f9ng h\u1ea1 th\u1ea3o cao c\u1ea5p (30ml\u00d760 g\u00f3i)\"}]},{\"@type\":\"WebSite\",\"@id\":\"https:\/\/giaodien.3bvietnam.com\/nhikorea\/#website\",\"url\":\"https:\/\/giaodien.3bvietnam.com\/nhikorea\/\",\"name\":\"Nhikorea\",\"description\":\"\",\"potentialAction\":[{\"@type\":\"SearchAction\",\"target\":{\"@type\":\"EntryPoint\",\"urlTemplate\":\"https:\/\/giaodien.3bvietnam.com\/nhikorea\/?s={search_term_string}\"},\"query-input\":\"required name=search_term_string\"}],\"inLanguage\":\"vi\"}]}<\/script>\n<!-- \/ Yoast SEO plugin. -->","yoast_head_json":{"title":"Tinh ch\u1ea5t \u0111\u00f4ng tr\u00f9ng h\u1ea1 th\u1ea3o cao c\u1ea5p (30ml\u00d760 g\u00f3i) - Nhikorea","robots":{"index":"index","follow":"follow","max-snippet":"max-snippet:-1","max-image-preview":"max-image-preview:large","max-video-preview":"max-video-preview:-1"},"canonical":"https:\/\/giaodien.3bvietnam.com\/nhikorea\/san-pham\/tinh-chat-dong-trung-ha-thao-cao-cap-30mlx60-goi\/","og_locale":"vi_VN","og_type":"article","og_title":"Tinh ch\u1ea5t \u0111\u00f4ng tr\u00f9ng h\u1ea1 th\u1ea3o cao c\u1ea5p (30ml\u00d760 g\u00f3i) - Nhikorea","og_description":"Xu\u1ea5t X\u1ee9: H\u00e0n Qu\u1ed1c  Quy C\u00e1ch : 30ml \u00d7 60 g\u00f3i\u00a0","og_url":"https:\/\/giaodien.3bvietnam.com\/nhikorea\/san-pham\/tinh-chat-dong-trung-ha-thao-cao-cap-30mlx60-goi\/","og_site_name":"Nhikorea","article_modified_time":"2023-10-11T06:41:29+00:00","og_image":[{"width":1200,"height":1200,"url":"https:\/\/giaodien.3bvietnam.com\/nhikorea\/wp-content\/uploads\/2023\/10\/20.Tinh-chat-dong-trung-ha-thao-cao-cap-2-1.png","type":"image\/png"}],"twitter_card":"summary_large_image","twitter_misc":{"\u01af\u1edbc t\u00ednh th\u1eddi gian \u0111\u1ecdc":"1 ph\u00fat"},"schema":{"@context":"https:\/\/schema.org","@graph":[{"@type":"WebPage","@id":"https:\/\/giaodien.3bvietnam.com\/nhikorea\/san-pham\/tinh-chat-dong-trung-ha-thao-cao-cap-30mlx60-goi\/","url":"https:\/\/giaodien.3bvietnam.com\/nhikorea\/san-pham\/tinh-chat-dong-trung-ha-thao-cao-cap-30mlx60-goi\/","name":"Tinh ch\u1ea5t \u0111\u00f4ng tr\u00f9ng h\u1ea1 th\u1ea3o cao c\u1ea5p (30ml\u00d760 g\u00f3i) - Nhikorea","isPartOf":{"@id":"https:\/\/giaodien.3bvietnam.com\/nhikorea\/#website"},"datePublished":"2023-10-11T06:41:27+00:00","dateModified":"2023-10-11T06:41:29+00:00","breadcrumb":{"@id":"https:\/\/giaodien.3bvietnam.com\/nhikorea\/san-pham\/tinh-chat-dong-trung-ha-thao-cao-cap-30mlx60-goi\/#breadcrumb"},"inLanguage":"vi","potentialAction":[{"@type":"ReadAction","target":["https:\/\/giaodien.3bvietnam.com\/nhikorea\/san-pham\/tinh-chat-dong-trung-ha-thao-cao-cap-30mlx60-goi\/"]}]},{"@type":"BreadcrumbList","@id":"https:\/\/giaodien.3bvietnam.com\/nhikorea\/san-pham\/tinh-chat-dong-trung-ha-thao-cao-cap-30mlx60-goi\/#breadcrumb","itemListElement":[{"@type":"ListItem","position":1,"name":"Home","item":"https:\/\/giaodien.3bvietnam.com\/nhikorea\/"},{"@type":"ListItem","position":2,"name":"S\u1ea3n ph\u1ea9m","item":"https:\/\/giaodien.3bvietnam.com\/nhikorea\/san-pham\/"},{"@type":"ListItem","position":3,"name":"Tinh ch\u1ea5t \u0111\u00f4ng tr\u00f9ng h\u1ea1 th\u1ea3o cao c\u1ea5p (30ml\u00d760 g\u00f3i)"}]},{"@type":"WebSite","@id":"https:\/\/giaodien.3bvietnam.com\/nhikorea\/#website","url":"https:\/\/giaodien.3bvietnam.com\/nhikorea\/","name":"Nhikorea","description":"","potentialAction":[{"@type":"SearchAction","target":{"@type":"EntryPoint","urlTemplate":"https:\/\/giaodien.3bvietnam.com\/nhikorea\/?s={search_term_string}"},"query-input":"required name=search_term_string"}],"inLanguage":"vi"}]}},"_links":{"self":[{"href":"https:\/\/giaodien.3bvietnam.com\/nhikorea\/wp-json\/wp\/v2\/product\/759"}],"collection":[{"href":"https:\/\/giaodien.3bvietnam.com\/nhikorea\/wp-json\/wp\/v2\/product"}],"about":[{"href":"https:\/\/giaodien.3bvietnam.com\/nhikorea\/wp-json\/wp\/v2\/types\/product"}],"replies":[{"embeddable":true,"href":"https:\/\/giaodien.3bvietnam.com\/nhikorea\/wp-json\/wp\/v2\/comments?post=759"}],"wp:featuredmedia":[{"embeddable":true,"href":"https:\/\/giaodien.3bvietnam.com\/nhikorea\/wp-json\/wp\/v2\/media\/760"}],"wp:attachment":[{"href":"https:\/\/giaodien.3bvietnam.com\/nhikorea\/wp-json\/wp\/v2\/media?parent=759"}],"wp:term":[{"taxonomy":"product_cat","embeddable":true,"href":"https:\/\/giaodien.3bvietnam.com\/nhikorea\/wp-json\/wp\/v2\/product_cat?post=759"},{"taxonomy":"product_tag","embeddable":true,"href":"https:\/\/giaodien.3bvietnam.com\/nhikorea\/wp-json\/wp\/v2\/product_tag?post=759"}],"curies":[{"name":"wp","href":"https:\/\/api.w.org\/{rel}","templated":true}]}}