{"id":757,"date":"2023-10-11T13:33:02","date_gmt":"2023-10-11T06:33:02","guid":{"rendered":"https:\/\/giaodien.3bvietnam.com\/nhikorea\/?post_type=product&#038;p=757"},"modified":"2023-10-12T13:25:10","modified_gmt":"2023-10-12T06:25:10","slug":"nuoc-hong-sam-nam-thuong-hoang-cao-cap-80mlx30-goi","status":"publish","type":"product","link":"https:\/\/giaodien.3bvietnam.com\/nhikorea\/san-pham\/nuoc-hong-sam-nam-thuong-hoang-cao-cap-80mlx30-goi\/","title":{"rendered":"N\u01b0\u1edbc h\u1ed3ng s\u00e2m n\u1ea5m th\u01b0\u1ee3ng ho\u00e0ng cao c\u1ea5p (80ml\u00d730 g\u00f3i)"},"content":{"rendered":"<p><span style=\"font-weight: 400;\">\u2705TH\u00c0NH PH\u1ea6N<\/span><\/p>\n<p><span style=\"font-weight: 400;\">Chi\u1ebft xu\u1ea5t N\u1ea5m th\u01b0\u1ee3ng ho\u00e0ng H\u00e0n Qu\u1ed1c 25%, H\u1ed3ng s\u00e2m 6 n\u0103m tu\u1ed5i 15%,\u00a0 ng\u1ea3i c\u1ee9u, t\u00e1o t\u00e0u,\u00a0 r\u1ec5 cam th\u1ea3o,\u2026v\u00e0 nhi\u1ec1u th\u1ea3o d\u01b0\u1ee3c kh\u00e1c<\/span><\/p>\n<p><span style=\"font-weight: 400;\">\u2705C\u00d4NG D\u1ee4NG<\/span><\/p>\n<ul>\n<li><span style=\"font-weight: 400;\">B\u1ed3i b\u1ed5 s\u1ee9c kh\u1ecfe to\u00e0n di\u1ec7n, t\u0103ng \u0111\u1ec1 kh\u00e1ng, b\u1ed5 th\u1ea7n kinh, gi\u1ea3m stress<\/span><\/li>\n<li>B\u1ed5 gan, th\u1ea3i \u0111\u1ed9c, ph\u00f2ng v\u00e0 h\u1ed7 tr\u1ee3 b\u1ec7nh tim m\u1ea1ch, m\u1ee1 m\u00e1u, ti\u1ec1n \u0111\u00ecnh, ti\u1ec3u \u0111\u01b0\u1eddng, cao huy\u1ebft \u00e1p\u2026<\/li>\n<li>R\u1ea5t t\u1ed1t cho d\u1ea1 d\u00e0y , \u0111\u01b0\u1eddng ru\u1ed9t, gi\u00fap h\u1ea5p th\u1ee5 t\u1ed1t\u00a0 ch\u1ea5t dinh d\u01b0\u1ee1ng &#8211; Ph\u00f2ng ng\u1eeba c\u00e1c kh\u1ed1i u v\u00e0 t\u1ebf b\u00e0o ung th\u01b0<\/li>\n<li>Gi\u1ea3m m\u1ec7t m\u1ecfi, h\u1ed7 tr\u1ee3 th\u1ea7n kinh. Ch\u1ed1ng \u0111au \u0111\u1ea7u v\u00e0 t\u00ea t\u1ee9 chi.<\/li>\n<li>C\u1ea3i thi\u1ec7n v\u1ecb gi\u00e1c cho nh\u1eefng ng\u01b0\u1eddi \u0111ang x\u1ea1 tr\u1ecb ung th\u01b0 gi\u00fap \u0103n ng\u1ee7 ngon h\u01a1n v\u00e0 gi\u1ea3m \u0111au<\/li>\n<li>Ch\u1ed1ng b\u00e9o ph\u00ec, ng\u1eeba l\u00e3o h\u00f3a, gi\u00fap tr\u1ebb h\u00f3a, da h\u1ed3ng h\u00e0o h\u01a1n<\/li>\n<\/ul>\n<p><span style=\"font-weight: 400;\">\u2705\u0110\u1ed0I T\u01af\u1ee2NG S\u1eec D\u1ee4NG<\/span><\/p>\n<ul>\n<li><span style=\"font-weight: 400;\">N\u01b0\u1edbc h\u1ed3ng s\u00e2m n\u1ea5m th\u01b0\u1ee3ng ho\u00e0ng l\u00e0 s\u1ea3n ph\u1ea9m k\u1ebft h\u1ee3p tuy\u1ec7t v\u1eddi gi\u1eefa n\u1ea5m th\u01b0\u1ee3ng ho\u00e0ng v\u00e0 h\u1ed3ng s\u00e2m H\u00e0n Qu\u1ed1c 6 n\u0103m tu\u1ed5i, mang l\u1ea1i c\u00f4ng d\u1ee5ng b\u1ed3i b\u1ed5 s\u1ee9c kh\u1ecfe , r\u1ea5t t\u1ed1t cho ng\u01b0\u1eddi l\u1edbn tu\u1ed5i, ng\u01b0\u1eddi m\u1edbi \u1ed1m d\u1eady, ng\u01b0\u1eddi l\u00e0m vi\u1ec7c c\u0103ng th\u1eb3ng<\/span><\/li>\n<\/ul>\n<p><span style=\"font-weight: 400;\">\u2705<\/span>C\u00c1CH D\u00d9NG<\/p>\n<ul>\n<li><span style=\"font-weight: 400;\">Ng\u01b0\u1eddi l\u1edbn ng\u00e0y 1 -2 l\u1ea7n, m\u1ed7i l\u1ea7n 1 g\u00f3i<\/span><\/li>\n<li>\ufe0fTr\u1ebb em 6 &#8211; 15 tu\u1ed5i ng\u00e0y n\u1eeda g\u00f3i\ufe0f<\/li>\n<li>S\u1eed d\u1ee5ng t\u1ed1t nh\u1ea5t tr\u01b0\u1edbc b\u1eefa \u0103n 30 ph\u00fat\ufe0f<\/li>\n<li>Ng\u01b0\u1eddi hay m\u1ea5t ng\u1ee7 kh\u00f4ng n\u00ean d\u00f9ng v\u00e0o bu\u1ed5i t\u1ed1i<\/li>\n<\/ul>\n","protected":false},"excerpt":{"rendered":"<p><span style=\"font-weight: 400;\">Ph\u00f2ng ng\u1eeba C\u00e1c b\u1ec7nh ung th\u01b0<\/span><\/p>\n<p><span style=\"font-weight: 400;\">Xu\u1ea5t X\u1ee9: <\/span><span style=\"font-weight: 400;\">H\u00e0n Qu\u1ed1c<\/span><\/p>\n<p><span style=\"font-weight: 400;\">Quy C\u00e1ch: 30 g\u00f3i \u00d7 80ml<\/span><\/p>\n","protected":false},"featured_media":758,"comment_status":"closed","ping_status":"closed","template":"","meta":[],"product_cat":[59,58],"product_tag":[],"yoast_head":"<!-- This site is optimized with the Yoast SEO plugin v21.3 - https:\/\/yoast.com\/wordpress\/plugins\/seo\/ -->\n<title>N\u01b0\u1edbc h\u1ed3ng s\u00e2m n\u1ea5m th\u01b0\u1ee3ng ho\u00e0ng cao c\u1ea5p (80ml\u00d730 g\u00f3i) - Nhikorea<\/title>\n<meta name=\"robots\" content=\"index, follow, max-snippet:-1, max-image-preview:large, max-video-preview:-1\" \/>\n<link rel=\"canonical\" href=\"https:\/\/giaodien.3bvietnam.com\/nhikorea\/san-pham\/nuoc-hong-sam-nam-thuong-hoang-cao-cap-80mlx30-goi\/\" \/>\n<meta property=\"og:locale\" content=\"vi_VN\" \/>\n<meta property=\"og:type\" content=\"article\" \/>\n<meta property=\"og:title\" content=\"N\u01b0\u1edbc h\u1ed3ng s\u00e2m n\u1ea5m th\u01b0\u1ee3ng ho\u00e0ng cao c\u1ea5p (80ml\u00d730 g\u00f3i) - Nhikorea\" \/>\n<meta property=\"og:description\" content=\"Ph\u00f2ng ng\u1eeba C\u00e1c b\u1ec7nh ung th\u01b0  Xu\u1ea5t X\u1ee9: H\u00e0n Qu\u1ed1c  Quy C\u00e1ch: 30 g\u00f3i \u00d7 80ml\" \/>\n<meta property=\"og:url\" content=\"https:\/\/giaodien.3bvietnam.com\/nhikorea\/san-pham\/nuoc-hong-sam-nam-thuong-hoang-cao-cap-80mlx30-goi\/\" \/>\n<meta property=\"og:site_name\" content=\"Nhikorea\" \/>\n<meta property=\"article:modified_time\" content=\"2023-10-12T06:25:10+00:00\" \/>\n<meta property=\"og:image\" content=\"https:\/\/giaodien.3bvietnam.com\/nhikorea\/wp-content\/uploads\/2023\/10\/17.Nuoc-hong-sam-nam-thuong-hoang-cao-cap-2-1024x1024.png\" \/>\n\t<meta property=\"og:image:width\" content=\"1024\" \/>\n\t<meta property=\"og:image:height\" content=\"1024\" \/>\n\t<meta property=\"og:image:type\" content=\"image\/png\" \/>\n<meta name=\"twitter:card\" content=\"summary_large_image\" \/>\n<meta name=\"twitter:label1\" content=\"\u01af\u1edbc t\u00ednh th\u1eddi gian \u0111\u1ecdc\" \/>\n\t<meta name=\"twitter:data1\" content=\"2 ph\u00fat\" \/>\n<script type=\"application\/ld+json\" class=\"yoast-schema-graph\">{\"@context\":\"https:\/\/schema.org\",\"@graph\":[{\"@type\":\"WebPage\",\"@id\":\"https:\/\/giaodien.3bvietnam.com\/nhikorea\/san-pham\/nuoc-hong-sam-nam-thuong-hoang-cao-cap-80mlx30-goi\/\",\"url\":\"https:\/\/giaodien.3bvietnam.com\/nhikorea\/san-pham\/nuoc-hong-sam-nam-thuong-hoang-cao-cap-80mlx30-goi\/\",\"name\":\"N\u01b0\u1edbc h\u1ed3ng s\u00e2m n\u1ea5m th\u01b0\u1ee3ng ho\u00e0ng cao c\u1ea5p (80ml\u00d730 g\u00f3i) - Nhikorea\",\"isPartOf\":{\"@id\":\"https:\/\/giaodien.3bvietnam.com\/nhikorea\/#website\"},\"datePublished\":\"2023-10-11T06:33:02+00:00\",\"dateModified\":\"2023-10-12T06:25:10+00:00\",\"breadcrumb\":{\"@id\":\"https:\/\/giaodien.3bvietnam.com\/nhikorea\/san-pham\/nuoc-hong-sam-nam-thuong-hoang-cao-cap-80mlx30-goi\/#breadcrumb\"},\"inLanguage\":\"vi\",\"potentialAction\":[{\"@type\":\"ReadAction\",\"target\":[\"https:\/\/giaodien.3bvietnam.com\/nhikorea\/san-pham\/nuoc-hong-sam-nam-thuong-hoang-cao-cap-80mlx30-goi\/\"]}]},{\"@type\":\"BreadcrumbList\",\"@id\":\"https:\/\/giaodien.3bvietnam.com\/nhikorea\/san-pham\/nuoc-hong-sam-nam-thuong-hoang-cao-cap-80mlx30-goi\/#breadcrumb\",\"itemListElement\":[{\"@type\":\"ListItem\",\"position\":1,\"name\":\"Home\",\"item\":\"https:\/\/giaodien.3bvietnam.com\/nhikorea\/\"},{\"@type\":\"ListItem\",\"position\":2,\"name\":\"S\u1ea3n ph\u1ea9m\",\"item\":\"https:\/\/giaodien.3bvietnam.com\/nhikorea\/san-pham\/\"},{\"@type\":\"ListItem\",\"position\":3,\"name\":\"N\u01b0\u1edbc h\u1ed3ng s\u00e2m n\u1ea5m th\u01b0\u1ee3ng ho\u00e0ng cao c\u1ea5p (80ml\u00d730 g\u00f3i)\"}]},{\"@type\":\"WebSite\",\"@id\":\"https:\/\/giaodien.3bvietnam.com\/nhikorea\/#website\",\"url\":\"https:\/\/giaodien.3bvietnam.com\/nhikorea\/\",\"name\":\"Nhikorea\",\"description\":\"\",\"potentialAction\":[{\"@type\":\"SearchAction\",\"target\":{\"@type\":\"EntryPoint\",\"urlTemplate\":\"https:\/\/giaodien.3bvietnam.com\/nhikorea\/?s={search_term_string}\"},\"query-input\":\"required name=search_term_string\"}],\"inLanguage\":\"vi\"}]}<\/script>\n<!-- \/ Yoast SEO plugin. -->","yoast_head_json":{"title":"N\u01b0\u1edbc h\u1ed3ng s\u00e2m n\u1ea5m th\u01b0\u1ee3ng ho\u00e0ng cao c\u1ea5p (80ml\u00d730 g\u00f3i) - Nhikorea","robots":{"index":"index","follow":"follow","max-snippet":"max-snippet:-1","max-image-preview":"max-image-preview:large","max-video-preview":"max-video-preview:-1"},"canonical":"https:\/\/giaodien.3bvietnam.com\/nhikorea\/san-pham\/nuoc-hong-sam-nam-thuong-hoang-cao-cap-80mlx30-goi\/","og_locale":"vi_VN","og_type":"article","og_title":"N\u01b0\u1edbc h\u1ed3ng s\u00e2m n\u1ea5m th\u01b0\u1ee3ng ho\u00e0ng cao c\u1ea5p (80ml\u00d730 g\u00f3i) - Nhikorea","og_description":"Ph\u00f2ng ng\u1eeba C\u00e1c b\u1ec7nh ung th\u01b0  Xu\u1ea5t X\u1ee9: H\u00e0n Qu\u1ed1c  Quy C\u00e1ch: 30 g\u00f3i \u00d7 80ml","og_url":"https:\/\/giaodien.3bvietnam.com\/nhikorea\/san-pham\/nuoc-hong-sam-nam-thuong-hoang-cao-cap-80mlx30-goi\/","og_site_name":"Nhikorea","article_modified_time":"2023-10-12T06:25:10+00:00","og_image":[{"width":1024,"height":1024,"url":"https:\/\/giaodien.3bvietnam.com\/nhikorea\/wp-content\/uploads\/2023\/10\/17.Nuoc-hong-sam-nam-thuong-hoang-cao-cap-2-1024x1024.png","type":"image\/png"}],"twitter_card":"summary_large_image","twitter_misc":{"\u01af\u1edbc t\u00ednh th\u1eddi gian \u0111\u1ecdc":"2 ph\u00fat"},"schema":{"@context":"https:\/\/schema.org","@graph":[{"@type":"WebPage","@id":"https:\/\/giaodien.3bvietnam.com\/nhikorea\/san-pham\/nuoc-hong-sam-nam-thuong-hoang-cao-cap-80mlx30-goi\/","url":"https:\/\/giaodien.3bvietnam.com\/nhikorea\/san-pham\/nuoc-hong-sam-nam-thuong-hoang-cao-cap-80mlx30-goi\/","name":"N\u01b0\u1edbc h\u1ed3ng s\u00e2m n\u1ea5m th\u01b0\u1ee3ng ho\u00e0ng cao c\u1ea5p (80ml\u00d730 g\u00f3i) - Nhikorea","isPartOf":{"@id":"https:\/\/giaodien.3bvietnam.com\/nhikorea\/#website"},"datePublished":"2023-10-11T06:33:02+00:00","dateModified":"2023-10-12T06:25:10+00:00","breadcrumb":{"@id":"https:\/\/giaodien.3bvietnam.com\/nhikorea\/san-pham\/nuoc-hong-sam-nam-thuong-hoang-cao-cap-80mlx30-goi\/#breadcrumb"},"inLanguage":"vi","potentialAction":[{"@type":"ReadAction","target":["https:\/\/giaodien.3bvietnam.com\/nhikorea\/san-pham\/nuoc-hong-sam-nam-thuong-hoang-cao-cap-80mlx30-goi\/"]}]},{"@type":"BreadcrumbList","@id":"https:\/\/giaodien.3bvietnam.com\/nhikorea\/san-pham\/nuoc-hong-sam-nam-thuong-hoang-cao-cap-80mlx30-goi\/#breadcrumb","itemListElement":[{"@type":"ListItem","position":1,"name":"Home","item":"https:\/\/giaodien.3bvietnam.com\/nhikorea\/"},{"@type":"ListItem","position":2,"name":"S\u1ea3n ph\u1ea9m","item":"https:\/\/giaodien.3bvietnam.com\/nhikorea\/san-pham\/"},{"@type":"ListItem","position":3,"name":"N\u01b0\u1edbc h\u1ed3ng s\u00e2m n\u1ea5m th\u01b0\u1ee3ng ho\u00e0ng cao c\u1ea5p (80ml\u00d730 g\u00f3i)"}]},{"@type":"WebSite","@id":"https:\/\/giaodien.3bvietnam.com\/nhikorea\/#website","url":"https:\/\/giaodien.3bvietnam.com\/nhikorea\/","name":"Nhikorea","description":"","potentialAction":[{"@type":"SearchAction","target":{"@type":"EntryPoint","urlTemplate":"https:\/\/giaodien.3bvietnam.com\/nhikorea\/?s={search_term_string}"},"query-input":"required name=search_term_string"}],"inLanguage":"vi"}]}},"_links":{"self":[{"href":"https:\/\/giaodien.3bvietnam.com\/nhikorea\/wp-json\/wp\/v2\/product\/757"}],"collection":[{"href":"https:\/\/giaodien.3bvietnam.com\/nhikorea\/wp-json\/wp\/v2\/product"}],"about":[{"href":"https:\/\/giaodien.3bvietnam.com\/nhikorea\/wp-json\/wp\/v2\/types\/product"}],"replies":[{"embeddable":true,"href":"https:\/\/giaodien.3bvietnam.com\/nhikorea\/wp-json\/wp\/v2\/comments?post=757"}],"wp:featuredmedia":[{"embeddable":true,"href":"https:\/\/giaodien.3bvietnam.com\/nhikorea\/wp-json\/wp\/v2\/media\/758"}],"wp:attachment":[{"href":"https:\/\/giaodien.3bvietnam.com\/nhikorea\/wp-json\/wp\/v2\/media?parent=757"}],"wp:term":[{"taxonomy":"product_cat","embeddable":true,"href":"https:\/\/giaodien.3bvietnam.com\/nhikorea\/wp-json\/wp\/v2\/product_cat?post=757"},{"taxonomy":"product_tag","embeddable":true,"href":"https:\/\/giaodien.3bvietnam.com\/nhikorea\/wp-json\/wp\/v2\/product_tag?post=757"}],"curies":[{"name":"wp","href":"https:\/\/api.w.org\/{rel}","templated":true}]}}