{"id":726,"date":"2023-10-11T11:12:31","date_gmt":"2023-10-11T04:12:31","guid":{"rendered":"https:\/\/giaodien.3bvietnam.com\/nhikorea\/?post_type=product&#038;p=726"},"modified":"2023-10-12T13:25:53","modified_gmt":"2023-10-12T06:25:53","slug":"nuoc-hong-sam-nhung-huou-linh-chi-70ml-x20-goi","status":"publish","type":"product","link":"https:\/\/giaodien.3bvietnam.com\/nhikorea\/san-pham\/nuoc-hong-sam-nhung-huou-linh-chi-70ml-x20-goi\/","title":{"rendered":"N\u01b0\u1edbc h\u1ed3ng s\u00e2m nhung h\u01b0\u01a1u linh chi (70ml \u00d720 g\u00f3i)"},"content":{"rendered":"<p><span style=\"font-weight: 400;\">\u2705TH\u00c0NH PH\u1ea6N<\/span><\/p>\n<ul>\n<li><span style=\"font-weight: 400;\">30% tinh ch\u1ea5t h\u1ed3ng s\u00e2m 6 n\u0103m tu\u1ed5i,70% c\u00f2n l\u1ea1i \u0111\u01b0\u1ee3c chi\u1ebft xu\u1ea5t t\u1eeb nhung h\u01b0\u01a1u, linh chi, chi\u1ebft xu\u1ea5t h\u1ed7n h\u1ee3p th\u1ea3o d\u01b0\u1ee3c: t\u00e1o \u0111\u1ecf, s\u01a1n ph\u00f9 du, g\u1eebng, qu\u1ebf , cam th\u1ea3o, \u0111\u01b0\u1eddng..\u00a0<\/span><\/li>\n<\/ul>\n<p><span style=\"font-weight: 400;\">\u2705C\u00d4NG D\u1ee4NG<\/span><\/p>\n<ul>\n<li><span style=\"font-weight: 400;\">Ph\u1ee5c h\u1ed3i c\u01a1 th\u1ec3 nhanh ch\u00f3ng sau \u1ed1m <\/span><\/li>\n<li>Ph\u00f2ng ng\u1eeba ung th\u01b0, t\u0103ng c\u01b0\u1eddng h\u1ec7 mi\u1ec5n d\u1ecbch.<\/li>\n<li>Gi\u1ea3m cholesterol, m\u1ee1 m\u00e1u, t\u0103ng c\u01b0\u1eddng l\u01b0u th\u00f4ng m\u00e1u, ng\u0103n ng\u1eeba \u0111\u1ed9t qu\u1ef5.<\/li>\n<li>H\u1ed7 tr\u1ee3 gan th\u1ea3i \u0111\u1ed9c t\u1ed1. ng\u1eeba b\u1ec7nh v\u1ec1 gan<\/li>\n<li>B\u1ed5 th\u1eadn, tr\u00e1ng d\u01b0\u01a1ng, t\u0103ng c\u01b0\u1eddng sinh l\u00fd<\/li>\n<li>K\u00edch th\u00edch h\u1ec7 ti\u00eau h\u00f3a ,gi\u00fap \u0103n ng\u1ee7 ngon<\/li>\n<li>B\u1ed5 ph\u1ed5i, ng\u1eeba hen suy\u1ec5n, b\u1ec7nh \u0111\u01b0\u1eddng h\u00f4 h\u1ea5p.<\/li>\n<li>H\u1ed7 tr\u1ee3 \u1ed5n \u0111\u1ecbnh huy\u1ebft \u00e1p, t\u1ed1t cho tim m\u1ea1ch,<\/li>\n<\/ul>\n<p><span style=\"font-weight: 400;\">\u2705\u0110\u1ed0I T\u01af\u1ee2NG S\u1eec D\u1ee4NG<\/span><\/p>\n<ul>\n<li><span style=\"font-weight: 400;\">\u0110\u1ed1i v\u1edbi ph\u1ee5 n\u1eef c\u00f3 thai ho\u1eb7c \u0111ang cho con b\u00fa, tr\u1ebb em d\u01b0\u1edbi 2 tu\u1ed5i kh\u00f4ng n\u00ean\u00a0<\/span><\/li>\n<\/ul>\n<p><span style=\"font-weight: 400;\">\u2705C\u00c1CH D\u00d9NG<\/span><\/p>\n<ul>\n<li><span style=\"font-weight: 400;\">Ng\u00e0y d\u00f9ng 1 g\u00f3i.<\/span><\/li>\n<\/ul>\n","protected":false},"excerpt":{"rendered":"<p><span style=\"font-weight: 400;\">Xu\u1ea5t x\u1ee9: <\/span><span style=\"font-weight: 400;\">H\u00e0n Qu\u1ed1c<\/span><\/p>\n<p><span style=\"font-weight: 400;\">Quy c\u00e1ch: 20 g\u00f3i x 70ml<\/span><\/p>\n","protected":false},"featured_media":728,"comment_status":"closed","ping_status":"closed","template":"","meta":[],"product_cat":[58],"product_tag":[],"yoast_head":"<!-- This site is optimized with the Yoast SEO plugin v21.3 - https:\/\/yoast.com\/wordpress\/plugins\/seo\/ -->\n<title>N\u01b0\u1edbc h\u1ed3ng s\u00e2m nhung h\u01b0\u01a1u linh chi (70ml \u00d720 g\u00f3i) - Nhikorea<\/title>\n<meta name=\"robots\" content=\"index, follow, max-snippet:-1, max-image-preview:large, max-video-preview:-1\" \/>\n<link rel=\"canonical\" href=\"https:\/\/giaodien.3bvietnam.com\/nhikorea\/san-pham\/nuoc-hong-sam-nhung-huou-linh-chi-70ml-x20-goi\/\" \/>\n<meta property=\"og:locale\" content=\"vi_VN\" \/>\n<meta property=\"og:type\" content=\"article\" \/>\n<meta property=\"og:title\" content=\"N\u01b0\u1edbc h\u1ed3ng s\u00e2m nhung h\u01b0\u01a1u linh chi (70ml \u00d720 g\u00f3i) - Nhikorea\" \/>\n<meta property=\"og:description\" content=\"Xu\u1ea5t x\u1ee9: H\u00e0n Qu\u1ed1c  Quy c\u00e1ch: 20 g\u00f3i x 70ml\" \/>\n<meta property=\"og:url\" content=\"https:\/\/giaodien.3bvietnam.com\/nhikorea\/san-pham\/nuoc-hong-sam-nhung-huou-linh-chi-70ml-x20-goi\/\" \/>\n<meta property=\"og:site_name\" content=\"Nhikorea\" \/>\n<meta property=\"article:modified_time\" content=\"2023-10-12T06:25:53+00:00\" \/>\n<meta property=\"og:image\" content=\"https:\/\/giaodien.3bvietnam.com\/nhikorea\/wp-content\/uploads\/2023\/10\/Nuoc-hong-sam-nhung-huou-linh-chi-70mlx20goi.png\" \/>\n\t<meta property=\"og:image:width\" content=\"1200\" \/>\n\t<meta property=\"og:image:height\" content=\"1200\" \/>\n\t<meta property=\"og:image:type\" content=\"image\/png\" \/>\n<meta name=\"twitter:card\" content=\"summary_large_image\" \/>\n<meta name=\"twitter:label1\" content=\"\u01af\u1edbc t\u00ednh th\u1eddi gian \u0111\u1ecdc\" \/>\n\t<meta name=\"twitter:data1\" content=\"1 ph\u00fat\" \/>\n<script type=\"application\/ld+json\" class=\"yoast-schema-graph\">{\"@context\":\"https:\/\/schema.org\",\"@graph\":[{\"@type\":\"WebPage\",\"@id\":\"https:\/\/giaodien.3bvietnam.com\/nhikorea\/san-pham\/nuoc-hong-sam-nhung-huou-linh-chi-70ml-x20-goi\/\",\"url\":\"https:\/\/giaodien.3bvietnam.com\/nhikorea\/san-pham\/nuoc-hong-sam-nhung-huou-linh-chi-70ml-x20-goi\/\",\"name\":\"N\u01b0\u1edbc h\u1ed3ng s\u00e2m nhung h\u01b0\u01a1u linh chi (70ml \u00d720 g\u00f3i) - Nhikorea\",\"isPartOf\":{\"@id\":\"https:\/\/giaodien.3bvietnam.com\/nhikorea\/#website\"},\"datePublished\":\"2023-10-11T04:12:31+00:00\",\"dateModified\":\"2023-10-12T06:25:53+00:00\",\"breadcrumb\":{\"@id\":\"https:\/\/giaodien.3bvietnam.com\/nhikorea\/san-pham\/nuoc-hong-sam-nhung-huou-linh-chi-70ml-x20-goi\/#breadcrumb\"},\"inLanguage\":\"vi\",\"potentialAction\":[{\"@type\":\"ReadAction\",\"target\":[\"https:\/\/giaodien.3bvietnam.com\/nhikorea\/san-pham\/nuoc-hong-sam-nhung-huou-linh-chi-70ml-x20-goi\/\"]}]},{\"@type\":\"BreadcrumbList\",\"@id\":\"https:\/\/giaodien.3bvietnam.com\/nhikorea\/san-pham\/nuoc-hong-sam-nhung-huou-linh-chi-70ml-x20-goi\/#breadcrumb\",\"itemListElement\":[{\"@type\":\"ListItem\",\"position\":1,\"name\":\"Home\",\"item\":\"https:\/\/giaodien.3bvietnam.com\/nhikorea\/\"},{\"@type\":\"ListItem\",\"position\":2,\"name\":\"S\u1ea3n ph\u1ea9m\",\"item\":\"https:\/\/giaodien.3bvietnam.com\/nhikorea\/san-pham\/\"},{\"@type\":\"ListItem\",\"position\":3,\"name\":\"N\u01b0\u1edbc h\u1ed3ng s\u00e2m nhung h\u01b0\u01a1u linh chi (70ml \u00d720 g\u00f3i)\"}]},{\"@type\":\"WebSite\",\"@id\":\"https:\/\/giaodien.3bvietnam.com\/nhikorea\/#website\",\"url\":\"https:\/\/giaodien.3bvietnam.com\/nhikorea\/\",\"name\":\"Nhikorea\",\"description\":\"\",\"potentialAction\":[{\"@type\":\"SearchAction\",\"target\":{\"@type\":\"EntryPoint\",\"urlTemplate\":\"https:\/\/giaodien.3bvietnam.com\/nhikorea\/?s={search_term_string}\"},\"query-input\":\"required name=search_term_string\"}],\"inLanguage\":\"vi\"}]}<\/script>\n<!-- \/ Yoast SEO plugin. -->","yoast_head_json":{"title":"N\u01b0\u1edbc h\u1ed3ng s\u00e2m nhung h\u01b0\u01a1u linh chi (70ml \u00d720 g\u00f3i) - Nhikorea","robots":{"index":"index","follow":"follow","max-snippet":"max-snippet:-1","max-image-preview":"max-image-preview:large","max-video-preview":"max-video-preview:-1"},"canonical":"https:\/\/giaodien.3bvietnam.com\/nhikorea\/san-pham\/nuoc-hong-sam-nhung-huou-linh-chi-70ml-x20-goi\/","og_locale":"vi_VN","og_type":"article","og_title":"N\u01b0\u1edbc h\u1ed3ng s\u00e2m nhung h\u01b0\u01a1u linh chi (70ml \u00d720 g\u00f3i) - Nhikorea","og_description":"Xu\u1ea5t x\u1ee9: H\u00e0n Qu\u1ed1c  Quy c\u00e1ch: 20 g\u00f3i x 70ml","og_url":"https:\/\/giaodien.3bvietnam.com\/nhikorea\/san-pham\/nuoc-hong-sam-nhung-huou-linh-chi-70ml-x20-goi\/","og_site_name":"Nhikorea","article_modified_time":"2023-10-12T06:25:53+00:00","og_image":[{"width":1200,"height":1200,"url":"https:\/\/giaodien.3bvietnam.com\/nhikorea\/wp-content\/uploads\/2023\/10\/Nuoc-hong-sam-nhung-huou-linh-chi-70mlx20goi.png","type":"image\/png"}],"twitter_card":"summary_large_image","twitter_misc":{"\u01af\u1edbc t\u00ednh th\u1eddi gian \u0111\u1ecdc":"1 ph\u00fat"},"schema":{"@context":"https:\/\/schema.org","@graph":[{"@type":"WebPage","@id":"https:\/\/giaodien.3bvietnam.com\/nhikorea\/san-pham\/nuoc-hong-sam-nhung-huou-linh-chi-70ml-x20-goi\/","url":"https:\/\/giaodien.3bvietnam.com\/nhikorea\/san-pham\/nuoc-hong-sam-nhung-huou-linh-chi-70ml-x20-goi\/","name":"N\u01b0\u1edbc h\u1ed3ng s\u00e2m nhung h\u01b0\u01a1u linh chi (70ml \u00d720 g\u00f3i) - Nhikorea","isPartOf":{"@id":"https:\/\/giaodien.3bvietnam.com\/nhikorea\/#website"},"datePublished":"2023-10-11T04:12:31+00:00","dateModified":"2023-10-12T06:25:53+00:00","breadcrumb":{"@id":"https:\/\/giaodien.3bvietnam.com\/nhikorea\/san-pham\/nuoc-hong-sam-nhung-huou-linh-chi-70ml-x20-goi\/#breadcrumb"},"inLanguage":"vi","potentialAction":[{"@type":"ReadAction","target":["https:\/\/giaodien.3bvietnam.com\/nhikorea\/san-pham\/nuoc-hong-sam-nhung-huou-linh-chi-70ml-x20-goi\/"]}]},{"@type":"BreadcrumbList","@id":"https:\/\/giaodien.3bvietnam.com\/nhikorea\/san-pham\/nuoc-hong-sam-nhung-huou-linh-chi-70ml-x20-goi\/#breadcrumb","itemListElement":[{"@type":"ListItem","position":1,"name":"Home","item":"https:\/\/giaodien.3bvietnam.com\/nhikorea\/"},{"@type":"ListItem","position":2,"name":"S\u1ea3n ph\u1ea9m","item":"https:\/\/giaodien.3bvietnam.com\/nhikorea\/san-pham\/"},{"@type":"ListItem","position":3,"name":"N\u01b0\u1edbc h\u1ed3ng s\u00e2m nhung h\u01b0\u01a1u linh chi (70ml \u00d720 g\u00f3i)"}]},{"@type":"WebSite","@id":"https:\/\/giaodien.3bvietnam.com\/nhikorea\/#website","url":"https:\/\/giaodien.3bvietnam.com\/nhikorea\/","name":"Nhikorea","description":"","potentialAction":[{"@type":"SearchAction","target":{"@type":"EntryPoint","urlTemplate":"https:\/\/giaodien.3bvietnam.com\/nhikorea\/?s={search_term_string}"},"query-input":"required name=search_term_string"}],"inLanguage":"vi"}]}},"_links":{"self":[{"href":"https:\/\/giaodien.3bvietnam.com\/nhikorea\/wp-json\/wp\/v2\/product\/726"}],"collection":[{"href":"https:\/\/giaodien.3bvietnam.com\/nhikorea\/wp-json\/wp\/v2\/product"}],"about":[{"href":"https:\/\/giaodien.3bvietnam.com\/nhikorea\/wp-json\/wp\/v2\/types\/product"}],"replies":[{"embeddable":true,"href":"https:\/\/giaodien.3bvietnam.com\/nhikorea\/wp-json\/wp\/v2\/comments?post=726"}],"wp:featuredmedia":[{"embeddable":true,"href":"https:\/\/giaodien.3bvietnam.com\/nhikorea\/wp-json\/wp\/v2\/media\/728"}],"wp:attachment":[{"href":"https:\/\/giaodien.3bvietnam.com\/nhikorea\/wp-json\/wp\/v2\/media?parent=726"}],"wp:term":[{"taxonomy":"product_cat","embeddable":true,"href":"https:\/\/giaodien.3bvietnam.com\/nhikorea\/wp-json\/wp\/v2\/product_cat?post=726"},{"taxonomy":"product_tag","embeddable":true,"href":"https:\/\/giaodien.3bvietnam.com\/nhikorea\/wp-json\/wp\/v2\/product_tag?post=726"}],"curies":[{"name":"wp","href":"https:\/\/api.w.org\/{rel}","templated":true}]}}