{"id":719,"date":"2023-10-11T10:36:25","date_gmt":"2023-10-11T03:36:25","guid":{"rendered":"https:\/\/giaodien.3bvietnam.com\/nhikorea\/?post_type=product&#038;p=719"},"modified":"2023-10-12T13:26:24","modified_gmt":"2023-10-12T06:26:24","slug":"cao-hong-sam-co-dac-2-lox240g","status":"publish","type":"product","link":"https:\/\/giaodien.3bvietnam.com\/nhikorea\/san-pham\/cao-hong-sam-co-dac-2-lox240g\/","title":{"rendered":"Cao h\u1ed3ng s\u00e2m c\u00f4 \u0111\u1eb7c (2 l\u1ecd\u00d7240g)"},"content":{"rendered":"<p><span style=\"font-weight: 400;\">\u2705 TH\u00c0NH PH\u1ea6N<\/span><\/p>\n<ul>\n<li><span style=\"font-weight: 400;\">Cao H\u1ed3ng s\u00e2m 365 H\u00e0n Qu\u1ed1c \u0111\u01b0\u1ee3c chi\u1ebft xu\u1ea5t t\u1eeb nh\u00e2n s\u00e2m 6 n\u0103m tu\u1ed5i. Qua qu\u00e1 tr\u00ecnh ch\u1ebf bi\u1ebfn c\u00f4ng phu s\u1ebd \u0111\u01b0\u1ee3c c\u00f4 \u0111\u1eb7c l\u1ea1i th\u00e0nh m\u1ed9t lo\u1ea1i keo g\u1ecdi l\u00e0 Cao H\u1ed3ng S\u00e2m.<\/span><\/li>\n<\/ul>\n<p><span style=\"font-weight: 400;\">\u2705C\u00d4NG D\u1ee4NG<\/span><\/p>\n<ul>\n<li><span style=\"font-weight: 400;\">Ch\u1ed1ng l\u00e3o h\u00f3a v\u00e0 t\u0103ng c\u01b0\u1eddng th\u1ec3 l\u1ef1c<\/span><\/li>\n<li>Gi\u00fap \u1ed5n \u0111\u1ecbnh \u0111\u01b0\u1eddng huy\u1ebft<\/li>\n<li>\u0110i\u1ec1u h\u00f2a huy\u1ebft \u00e1p , gi\u00fap \u0103n ng\u1ee7 ngon<\/li>\n<li>T\u00e1c d\u1ee5ng gi\u1ea3i \u0111\u1ed9c gan, ng\u1eeba c\u00e1c b\u1ec7nh v\u1ec1 ga<\/li>\n<li>C\u1ea3i thi\u1ec7n tr\u00ed nh\u1edb, gi\u00fap \u0111\u1ea7u \u00f3c lu\u00f4n minh m\u1eabn<\/li>\n<li>Gi\u1ea3m cholesterol trong m\u00e1u ,ng\u1eeba m\u1ee1 m\u00e1u&#8230;<\/li>\n<\/ul>\n<p><span style=\"font-weight: 400;\">\u2705\u0110\u1ed0I T\u01af\u1ee2NG S\u1eec D\u1ee4NG<\/span><\/p>\n<ul>\n<li><span style=\"font-weight: 400;\">Tr\u1ebb d\u01b0\u1edbi 15 tu\u1ed5i d\u00f9ng 1\/2 ng\u01b0\u1eddi l\u1edbn<\/span><\/li>\n<\/ul>\n<p><span style=\"font-weight: 400;\">\u2705C\u00c1CH D\u00d9NG<\/span><\/p>\n<ul>\n<li><span style=\"font-weight: 400;\">D\u00f9ng 1 \u0111\u1ebfn 2 l\u1ea7n \/ ng\u00e0y tr\u01b0\u1edbc b\u1eefa \u0103n 30p<\/span><\/li>\n<li>M\u1ed7i l\u1ea7n 2 -3 th\u00eca pha v\u1edbi n\u01b0\u1edbc \u1ea5m ho\u1eb7c d\u00f9ng tr\u1ef1c ti\u1ebfp<\/li>\n<\/ul>\n","protected":false},"excerpt":{"rendered":"<p><span style=\"font-weight: 400;\">Xu\u1ea5t X\u1ee9 : H\u00c0N QU\u1ed0C<\/span><\/p>\n<p><span style=\"font-weight: 400;\">Quy C\u00e1ch : 2 l\u1ecd \u00d7 240g<\/span><\/p>\n","protected":false},"featured_media":740,"comment_status":"closed","ping_status":"closed","template":"","meta":[],"product_cat":[55],"product_tag":[],"yoast_head":"<!-- This site is optimized with the Yoast SEO plugin v21.3 - https:\/\/yoast.com\/wordpress\/plugins\/seo\/ -->\n<title>Cao h\u1ed3ng s\u00e2m c\u00f4 \u0111\u1eb7c (2 l\u1ecd\u00d7240g) - Nhikorea<\/title>\n<meta name=\"robots\" content=\"index, follow, max-snippet:-1, max-image-preview:large, max-video-preview:-1\" \/>\n<link rel=\"canonical\" href=\"https:\/\/giaodien.3bvietnam.com\/nhikorea\/san-pham\/cao-hong-sam-co-dac-2-lox240g\/\" \/>\n<meta property=\"og:locale\" content=\"vi_VN\" \/>\n<meta property=\"og:type\" content=\"article\" \/>\n<meta property=\"og:title\" content=\"Cao h\u1ed3ng s\u00e2m c\u00f4 \u0111\u1eb7c (2 l\u1ecd\u00d7240g) - Nhikorea\" \/>\n<meta property=\"og:description\" content=\"Xu\u1ea5t X\u1ee9 : H\u00c0N QU\u1ed0C  Quy C\u00e1ch : 2 l\u1ecd \u00d7 240g\" \/>\n<meta property=\"og:url\" content=\"https:\/\/giaodien.3bvietnam.com\/nhikorea\/san-pham\/cao-hong-sam-co-dac-2-lox240g\/\" \/>\n<meta property=\"og:site_name\" content=\"Nhikorea\" \/>\n<meta property=\"article:modified_time\" content=\"2023-10-12T06:26:24+00:00\" \/>\n<meta property=\"og:image\" content=\"https:\/\/giaodien.3bvietnam.com\/nhikorea\/wp-content\/uploads\/2023\/10\/7.Cao-hong-sam-co-dac-2-lo-1-1024x1024.png\" \/>\n\t<meta property=\"og:image:width\" content=\"1024\" \/>\n\t<meta property=\"og:image:height\" content=\"1024\" \/>\n\t<meta property=\"og:image:type\" content=\"image\/png\" \/>\n<meta name=\"twitter:card\" content=\"summary_large_image\" \/>\n<meta name=\"twitter:label1\" content=\"\u01af\u1edbc t\u00ednh th\u1eddi gian \u0111\u1ecdc\" \/>\n\t<meta name=\"twitter:data1\" content=\"1 ph\u00fat\" \/>\n<script type=\"application\/ld+json\" class=\"yoast-schema-graph\">{\"@context\":\"https:\/\/schema.org\",\"@graph\":[{\"@type\":\"WebPage\",\"@id\":\"https:\/\/giaodien.3bvietnam.com\/nhikorea\/san-pham\/cao-hong-sam-co-dac-2-lox240g\/\",\"url\":\"https:\/\/giaodien.3bvietnam.com\/nhikorea\/san-pham\/cao-hong-sam-co-dac-2-lox240g\/\",\"name\":\"Cao h\u1ed3ng s\u00e2m c\u00f4 \u0111\u1eb7c (2 l\u1ecd\u00d7240g) - Nhikorea\",\"isPartOf\":{\"@id\":\"https:\/\/giaodien.3bvietnam.com\/nhikorea\/#website\"},\"datePublished\":\"2023-10-11T03:36:25+00:00\",\"dateModified\":\"2023-10-12T06:26:24+00:00\",\"breadcrumb\":{\"@id\":\"https:\/\/giaodien.3bvietnam.com\/nhikorea\/san-pham\/cao-hong-sam-co-dac-2-lox240g\/#breadcrumb\"},\"inLanguage\":\"vi\",\"potentialAction\":[{\"@type\":\"ReadAction\",\"target\":[\"https:\/\/giaodien.3bvietnam.com\/nhikorea\/san-pham\/cao-hong-sam-co-dac-2-lox240g\/\"]}]},{\"@type\":\"BreadcrumbList\",\"@id\":\"https:\/\/giaodien.3bvietnam.com\/nhikorea\/san-pham\/cao-hong-sam-co-dac-2-lox240g\/#breadcrumb\",\"itemListElement\":[{\"@type\":\"ListItem\",\"position\":1,\"name\":\"Home\",\"item\":\"https:\/\/giaodien.3bvietnam.com\/nhikorea\/\"},{\"@type\":\"ListItem\",\"position\":2,\"name\":\"S\u1ea3n ph\u1ea9m\",\"item\":\"https:\/\/giaodien.3bvietnam.com\/nhikorea\/san-pham\/\"},{\"@type\":\"ListItem\",\"position\":3,\"name\":\"Cao h\u1ed3ng s\u00e2m c\u00f4 \u0111\u1eb7c (2 l\u1ecd\u00d7240g)\"}]},{\"@type\":\"WebSite\",\"@id\":\"https:\/\/giaodien.3bvietnam.com\/nhikorea\/#website\",\"url\":\"https:\/\/giaodien.3bvietnam.com\/nhikorea\/\",\"name\":\"Nhikorea\",\"description\":\"\",\"potentialAction\":[{\"@type\":\"SearchAction\",\"target\":{\"@type\":\"EntryPoint\",\"urlTemplate\":\"https:\/\/giaodien.3bvietnam.com\/nhikorea\/?s={search_term_string}\"},\"query-input\":\"required name=search_term_string\"}],\"inLanguage\":\"vi\"}]}<\/script>\n<!-- \/ Yoast SEO plugin. -->","yoast_head_json":{"title":"Cao h\u1ed3ng s\u00e2m c\u00f4 \u0111\u1eb7c (2 l\u1ecd\u00d7240g) - Nhikorea","robots":{"index":"index","follow":"follow","max-snippet":"max-snippet:-1","max-image-preview":"max-image-preview:large","max-video-preview":"max-video-preview:-1"},"canonical":"https:\/\/giaodien.3bvietnam.com\/nhikorea\/san-pham\/cao-hong-sam-co-dac-2-lox240g\/","og_locale":"vi_VN","og_type":"article","og_title":"Cao h\u1ed3ng s\u00e2m c\u00f4 \u0111\u1eb7c (2 l\u1ecd\u00d7240g) - Nhikorea","og_description":"Xu\u1ea5t X\u1ee9 : H\u00c0N QU\u1ed0C  Quy C\u00e1ch : 2 l\u1ecd \u00d7 240g","og_url":"https:\/\/giaodien.3bvietnam.com\/nhikorea\/san-pham\/cao-hong-sam-co-dac-2-lox240g\/","og_site_name":"Nhikorea","article_modified_time":"2023-10-12T06:26:24+00:00","og_image":[{"width":1024,"height":1024,"url":"https:\/\/giaodien.3bvietnam.com\/nhikorea\/wp-content\/uploads\/2023\/10\/7.Cao-hong-sam-co-dac-2-lo-1-1024x1024.png","type":"image\/png"}],"twitter_card":"summary_large_image","twitter_misc":{"\u01af\u1edbc t\u00ednh th\u1eddi gian \u0111\u1ecdc":"1 ph\u00fat"},"schema":{"@context":"https:\/\/schema.org","@graph":[{"@type":"WebPage","@id":"https:\/\/giaodien.3bvietnam.com\/nhikorea\/san-pham\/cao-hong-sam-co-dac-2-lox240g\/","url":"https:\/\/giaodien.3bvietnam.com\/nhikorea\/san-pham\/cao-hong-sam-co-dac-2-lox240g\/","name":"Cao h\u1ed3ng s\u00e2m c\u00f4 \u0111\u1eb7c (2 l\u1ecd\u00d7240g) - Nhikorea","isPartOf":{"@id":"https:\/\/giaodien.3bvietnam.com\/nhikorea\/#website"},"datePublished":"2023-10-11T03:36:25+00:00","dateModified":"2023-10-12T06:26:24+00:00","breadcrumb":{"@id":"https:\/\/giaodien.3bvietnam.com\/nhikorea\/san-pham\/cao-hong-sam-co-dac-2-lox240g\/#breadcrumb"},"inLanguage":"vi","potentialAction":[{"@type":"ReadAction","target":["https:\/\/giaodien.3bvietnam.com\/nhikorea\/san-pham\/cao-hong-sam-co-dac-2-lox240g\/"]}]},{"@type":"BreadcrumbList","@id":"https:\/\/giaodien.3bvietnam.com\/nhikorea\/san-pham\/cao-hong-sam-co-dac-2-lox240g\/#breadcrumb","itemListElement":[{"@type":"ListItem","position":1,"name":"Home","item":"https:\/\/giaodien.3bvietnam.com\/nhikorea\/"},{"@type":"ListItem","position":2,"name":"S\u1ea3n ph\u1ea9m","item":"https:\/\/giaodien.3bvietnam.com\/nhikorea\/san-pham\/"},{"@type":"ListItem","position":3,"name":"Cao h\u1ed3ng s\u00e2m c\u00f4 \u0111\u1eb7c (2 l\u1ecd\u00d7240g)"}]},{"@type":"WebSite","@id":"https:\/\/giaodien.3bvietnam.com\/nhikorea\/#website","url":"https:\/\/giaodien.3bvietnam.com\/nhikorea\/","name":"Nhikorea","description":"","potentialAction":[{"@type":"SearchAction","target":{"@type":"EntryPoint","urlTemplate":"https:\/\/giaodien.3bvietnam.com\/nhikorea\/?s={search_term_string}"},"query-input":"required name=search_term_string"}],"inLanguage":"vi"}]}},"_links":{"self":[{"href":"https:\/\/giaodien.3bvietnam.com\/nhikorea\/wp-json\/wp\/v2\/product\/719"}],"collection":[{"href":"https:\/\/giaodien.3bvietnam.com\/nhikorea\/wp-json\/wp\/v2\/product"}],"about":[{"href":"https:\/\/giaodien.3bvietnam.com\/nhikorea\/wp-json\/wp\/v2\/types\/product"}],"replies":[{"embeddable":true,"href":"https:\/\/giaodien.3bvietnam.com\/nhikorea\/wp-json\/wp\/v2\/comments?post=719"}],"wp:featuredmedia":[{"embeddable":true,"href":"https:\/\/giaodien.3bvietnam.com\/nhikorea\/wp-json\/wp\/v2\/media\/740"}],"wp:attachment":[{"href":"https:\/\/giaodien.3bvietnam.com\/nhikorea\/wp-json\/wp\/v2\/media?parent=719"}],"wp:term":[{"taxonomy":"product_cat","embeddable":true,"href":"https:\/\/giaodien.3bvietnam.com\/nhikorea\/wp-json\/wp\/v2\/product_cat?post=719"},{"taxonomy":"product_tag","embeddable":true,"href":"https:\/\/giaodien.3bvietnam.com\/nhikorea\/wp-json\/wp\/v2\/product_tag?post=719"}],"curies":[{"name":"wp","href":"https:\/\/api.w.org\/{rel}","templated":true}]}}