{"id":715,"date":"2023-10-11T10:23:03","date_gmt":"2023-10-11T03:23:03","guid":{"rendered":"https:\/\/giaodien.3bvietnam.com\/nhikorea\/?post_type=product&#038;p=715"},"modified":"2023-10-12T13:26:36","modified_gmt":"2023-10-12T06:26:36","slug":"nuoc-hong-sam-pocheon-80ml-x30-goi","status":"publish","type":"product","link":"https:\/\/giaodien.3bvietnam.com\/nhikorea\/san-pham\/nuoc-hong-sam-pocheon-80ml-x30-goi\/","title":{"rendered":"N\u01b0\u1edbc h\u1ed3ng s\u00e2m Pocheon (80ml \u00d730 g\u00f3i)"},"content":{"rendered":"<p><span style=\"font-weight: 400;\">\u2705TH\u00c0NH PH\u1ea6N<\/span><\/p>\n<ul>\n<li><span style=\"font-weight: 400;\">\u0110\u01b0\u01a1\u0323c chi\u00ea\u0301t xu\u00e2\u0301t t\u01b0\u0300 cu\u0309 h\u00f4\u0300ng s\u00e2m Ha\u0300n Qu\u00f4\u0301c 6 n\u0103m tu\u00f4\u0309i <\/span><\/li>\n<li>K\u00ea\u0301t h\u01a1\u0323p v\u01a1\u0301i ca\u0301c loa\u0323i tha\u0309o d\u01b0\u1ee3c t\u01b0\u0323 nhi\u00ean, n\u00e2\u0301m linh chi, c\u00e2y ba\u0323ch chi\u0309, qu\u00ea\u0301 va\u0300 cam tha\u0309o.<\/li>\n<\/ul>\n<p><span style=\"font-weight: 400;\">\u2705C\u00d4NG D\u1ee4NG<\/span><\/p>\n<ul>\n<li><span style=\"font-weight: 400;\">H\u1ed7 tr\u1ee3 ph\u1ee5c h\u1ed3i s\u1ee9c kh\u1ecfe, gi\u1ea3m m\u1ec7t m\u1ecfi, c\u0103ng th\u1eb3ng th\u1ea7n kinh do ho\u1ea1t \u0111\u1ed9ng \u0111\u1ea7u \u00f3c nhi\u1ec1u<\/span><\/li>\n<li>Gi\u00fap l\u00e0m t\u0103ng ch\u1ee9c n\u0103ng ho\u1ea1t \u0111\u1ed9ng c\u1ee7a n\u00e3o, h\u1ed7 tr\u1ee3 ph\u1ee5c h\u1ed3i tr\u00ed nh\u1edb \u0111ang s\u1ee5t gi\u1ea3m<\/li>\n<li>H\u1ed7 tr\u1ee3 t\u0103ng s\u1ee9c \u0111\u1ec1 kh\u00e1ng, t\u0103ng kh\u1ea3 n\u0103ng mi\u1ec5n d\u1ecbch gi\u00fap c\u01a1 th\u1ec3 kh\u1ecfe h\u01a1n<\/li>\n<li>Gi\u00fap ti\u00eau h\u00f3a t\u1ed1t , \u0103n ng\u1ee7 ngon.th\u1ea3i \u0111\u1ed9c gan<\/li>\n<li>H\u1ed7 tr\u1ee3 \u1ed5n \u0111\u1ecbnh huy\u1ebft \u00e1p, t\u1ed1t cho tim m\u1ea1ch, gi\u00fap da d\u1ebb h\u1ed3ng h\u00e0o,ng\u1eeba l\u00e3o h\u00f3a<\/li>\n<li>Gi\u00fap gi\u1ea3m m\u1ee1 m\u00e1u, \u0111i\u1ec1u h\u00f2a \u0111\u01b0\u1eddng huy\u1ebft, gi\u1ea3m r\u1ee5ng t\u00f3c \u1edf ng\u01b0\u1eddi cao tu\u1ed5i<\/li>\n<li>Gi\u00fap l\u1ee3i ti\u1ec3u, b\u1ed5 m\u00e1u, m\u00e1u huy\u1ebft l\u01b0u th\u00f4ng<\/li>\n<li>Ch\u1ed1ng l\u00e3o h\u00f3a, t\u0103ng c\u01b0\u1eddng ch\u1ee9c n\u0103ng sinh l\u00fd c\u1ea3 nam v\u00e0 n\u1eef<\/li>\n<\/ul>\n<p><span style=\"font-weight: 400;\">\u2705\u0110\u1ed0I T\u01af\u1ee2NG S\u1eec D\u1ee4NG<\/span><\/p>\n<ul>\n<li><span style=\"font-weight: 400;\">Ng\u01b0\u1eddi suy nh\u01b0\u1ee3c, m\u1ec7t m\u1ecfi, c\u0103ng th\u1eb3ng tinh th\u1ea7n, ng\u01b0\u1eddi cao tu\u1ed5i, ng\u01b0\u1eddi \u0111ang ph\u1ee5c h\u1ed3i s\u1ee9c kh\u1ecfe, k\u00e9m t\u1eadp trung trong h\u1ecdc t\u1eadp.v\u00e0 c\u00f4ng vi\u1ec7c<\/span><\/li>\n<\/ul>\n<p><span style=\"font-weight: 400;\">\u2705C\u00c1CH D\u00d9NG<\/span><\/p>\n<ul>\n<li><span style=\"font-weight: 400;\">S\u1eed d\u1ee5ng 1-2 g\u00f3i\/ ng\u00e0y tr\u01b0\u1edbc \u0103n 30 ph\u00fat l\u00e0 t\u1ed1t nh\u1ea5t<\/span><\/li>\n<li>L\u1eafc \u0111\u1ec1u tr\u01b0\u1edbc khi d\u00f9ng<\/li>\n<li>B\u1ea3o qu\u1ea3n trong ng\u0103n m\u00e1t\u00a0 t\u1ee7 l\u1ea1nh<\/li>\n<\/ul>\n","protected":false},"excerpt":{"rendered":"<p><span style=\"font-weight: 400;\">Ch\u1ee9a tinh ch\u1ea5t h\u1ed3ng s\u00e2m \u0111\u1eadm \u0111\u1eb7c.<\/span><\/p>\n<p><span style=\"font-weight: 400;\">Xu\u1ea5t x\u1ee9\u00a0 \u00a0 : <\/span><span style=\"font-weight: 400;\">H\u00e0n Qu\u1ed1c\u00a0<\/span><\/p>\n<p><span style=\"font-weight: 400;\">Quy c\u00e1ch :\u00a0 30 g\u00f3i \u00d7 80ml<\/span><\/p>\n","protected":false},"featured_media":716,"comment_status":"closed","ping_status":"closed","template":"","meta":[],"product_cat":[58],"product_tag":[],"yoast_head":"<!-- This site is optimized with the Yoast SEO plugin v21.3 - https:\/\/yoast.com\/wordpress\/plugins\/seo\/ -->\n<title>N\u01b0\u1edbc h\u1ed3ng s\u00e2m Pocheon (80ml \u00d730 g\u00f3i) - Nhikorea<\/title>\n<meta name=\"robots\" content=\"index, follow, max-snippet:-1, max-image-preview:large, max-video-preview:-1\" \/>\n<link rel=\"canonical\" href=\"https:\/\/giaodien.3bvietnam.com\/nhikorea\/san-pham\/nuoc-hong-sam-pocheon-80ml-x30-goi\/\" \/>\n<meta property=\"og:locale\" content=\"vi_VN\" \/>\n<meta property=\"og:type\" content=\"article\" \/>\n<meta property=\"og:title\" content=\"N\u01b0\u1edbc h\u1ed3ng s\u00e2m Pocheon (80ml \u00d730 g\u00f3i) - Nhikorea\" \/>\n<meta property=\"og:description\" content=\"Ch\u1ee9a tinh ch\u1ea5t h\u1ed3ng s\u00e2m \u0111\u1eadm \u0111\u1eb7c.  Xu\u1ea5t x\u1ee9\u00a0 \u00a0 : H\u00e0n Qu\u1ed1c\u00a0  Quy c\u00e1ch :\u00a0 30 g\u00f3i \u00d7 80ml\" \/>\n<meta property=\"og:url\" content=\"https:\/\/giaodien.3bvietnam.com\/nhikorea\/san-pham\/nuoc-hong-sam-pocheon-80ml-x30-goi\/\" \/>\n<meta property=\"og:site_name\" content=\"Nhikorea\" \/>\n<meta property=\"article:modified_time\" content=\"2023-10-12T06:26:36+00:00\" \/>\n<meta property=\"og:image\" content=\"https:\/\/giaodien.3bvietnam.com\/nhikorea\/wp-content\/uploads\/2023\/10\/17.Nuoc-hong-sam-Pocheon-1-768x768.png\" \/>\n\t<meta property=\"og:image:width\" content=\"768\" \/>\n\t<meta property=\"og:image:height\" content=\"768\" \/>\n\t<meta property=\"og:image:type\" content=\"image\/png\" \/>\n<meta name=\"twitter:card\" content=\"summary_large_image\" \/>\n<meta name=\"twitter:label1\" content=\"\u01af\u1edbc t\u00ednh th\u1eddi gian \u0111\u1ecdc\" \/>\n\t<meta name=\"twitter:data1\" content=\"2 ph\u00fat\" \/>\n<script type=\"application\/ld+json\" class=\"yoast-schema-graph\">{\"@context\":\"https:\/\/schema.org\",\"@graph\":[{\"@type\":\"WebPage\",\"@id\":\"https:\/\/giaodien.3bvietnam.com\/nhikorea\/san-pham\/nuoc-hong-sam-pocheon-80ml-x30-goi\/\",\"url\":\"https:\/\/giaodien.3bvietnam.com\/nhikorea\/san-pham\/nuoc-hong-sam-pocheon-80ml-x30-goi\/\",\"name\":\"N\u01b0\u1edbc h\u1ed3ng s\u00e2m Pocheon (80ml \u00d730 g\u00f3i) - Nhikorea\",\"isPartOf\":{\"@id\":\"https:\/\/giaodien.3bvietnam.com\/nhikorea\/#website\"},\"datePublished\":\"2023-10-11T03:23:03+00:00\",\"dateModified\":\"2023-10-12T06:26:36+00:00\",\"breadcrumb\":{\"@id\":\"https:\/\/giaodien.3bvietnam.com\/nhikorea\/san-pham\/nuoc-hong-sam-pocheon-80ml-x30-goi\/#breadcrumb\"},\"inLanguage\":\"vi\",\"potentialAction\":[{\"@type\":\"ReadAction\",\"target\":[\"https:\/\/giaodien.3bvietnam.com\/nhikorea\/san-pham\/nuoc-hong-sam-pocheon-80ml-x30-goi\/\"]}]},{\"@type\":\"BreadcrumbList\",\"@id\":\"https:\/\/giaodien.3bvietnam.com\/nhikorea\/san-pham\/nuoc-hong-sam-pocheon-80ml-x30-goi\/#breadcrumb\",\"itemListElement\":[{\"@type\":\"ListItem\",\"position\":1,\"name\":\"Home\",\"item\":\"https:\/\/giaodien.3bvietnam.com\/nhikorea\/\"},{\"@type\":\"ListItem\",\"position\":2,\"name\":\"S\u1ea3n ph\u1ea9m\",\"item\":\"https:\/\/giaodien.3bvietnam.com\/nhikorea\/san-pham\/\"},{\"@type\":\"ListItem\",\"position\":3,\"name\":\"N\u01b0\u1edbc h\u1ed3ng s\u00e2m Pocheon (80ml \u00d730 g\u00f3i)\"}]},{\"@type\":\"WebSite\",\"@id\":\"https:\/\/giaodien.3bvietnam.com\/nhikorea\/#website\",\"url\":\"https:\/\/giaodien.3bvietnam.com\/nhikorea\/\",\"name\":\"Nhikorea\",\"description\":\"\",\"potentialAction\":[{\"@type\":\"SearchAction\",\"target\":{\"@type\":\"EntryPoint\",\"urlTemplate\":\"https:\/\/giaodien.3bvietnam.com\/nhikorea\/?s={search_term_string}\"},\"query-input\":\"required name=search_term_string\"}],\"inLanguage\":\"vi\"}]}<\/script>\n<!-- \/ Yoast SEO plugin. -->","yoast_head_json":{"title":"N\u01b0\u1edbc h\u1ed3ng s\u00e2m Pocheon (80ml \u00d730 g\u00f3i) - Nhikorea","robots":{"index":"index","follow":"follow","max-snippet":"max-snippet:-1","max-image-preview":"max-image-preview:large","max-video-preview":"max-video-preview:-1"},"canonical":"https:\/\/giaodien.3bvietnam.com\/nhikorea\/san-pham\/nuoc-hong-sam-pocheon-80ml-x30-goi\/","og_locale":"vi_VN","og_type":"article","og_title":"N\u01b0\u1edbc h\u1ed3ng s\u00e2m Pocheon (80ml \u00d730 g\u00f3i) - Nhikorea","og_description":"Ch\u1ee9a tinh ch\u1ea5t h\u1ed3ng s\u00e2m \u0111\u1eadm \u0111\u1eb7c.  Xu\u1ea5t x\u1ee9\u00a0 \u00a0 : H\u00e0n Qu\u1ed1c\u00a0  Quy c\u00e1ch :\u00a0 30 g\u00f3i \u00d7 80ml","og_url":"https:\/\/giaodien.3bvietnam.com\/nhikorea\/san-pham\/nuoc-hong-sam-pocheon-80ml-x30-goi\/","og_site_name":"Nhikorea","article_modified_time":"2023-10-12T06:26:36+00:00","og_image":[{"width":768,"height":768,"url":"https:\/\/giaodien.3bvietnam.com\/nhikorea\/wp-content\/uploads\/2023\/10\/17.Nuoc-hong-sam-Pocheon-1-768x768.png","type":"image\/png"}],"twitter_card":"summary_large_image","twitter_misc":{"\u01af\u1edbc t\u00ednh th\u1eddi gian \u0111\u1ecdc":"2 ph\u00fat"},"schema":{"@context":"https:\/\/schema.org","@graph":[{"@type":"WebPage","@id":"https:\/\/giaodien.3bvietnam.com\/nhikorea\/san-pham\/nuoc-hong-sam-pocheon-80ml-x30-goi\/","url":"https:\/\/giaodien.3bvietnam.com\/nhikorea\/san-pham\/nuoc-hong-sam-pocheon-80ml-x30-goi\/","name":"N\u01b0\u1edbc h\u1ed3ng s\u00e2m Pocheon (80ml \u00d730 g\u00f3i) - Nhikorea","isPartOf":{"@id":"https:\/\/giaodien.3bvietnam.com\/nhikorea\/#website"},"datePublished":"2023-10-11T03:23:03+00:00","dateModified":"2023-10-12T06:26:36+00:00","breadcrumb":{"@id":"https:\/\/giaodien.3bvietnam.com\/nhikorea\/san-pham\/nuoc-hong-sam-pocheon-80ml-x30-goi\/#breadcrumb"},"inLanguage":"vi","potentialAction":[{"@type":"ReadAction","target":["https:\/\/giaodien.3bvietnam.com\/nhikorea\/san-pham\/nuoc-hong-sam-pocheon-80ml-x30-goi\/"]}]},{"@type":"BreadcrumbList","@id":"https:\/\/giaodien.3bvietnam.com\/nhikorea\/san-pham\/nuoc-hong-sam-pocheon-80ml-x30-goi\/#breadcrumb","itemListElement":[{"@type":"ListItem","position":1,"name":"Home","item":"https:\/\/giaodien.3bvietnam.com\/nhikorea\/"},{"@type":"ListItem","position":2,"name":"S\u1ea3n ph\u1ea9m","item":"https:\/\/giaodien.3bvietnam.com\/nhikorea\/san-pham\/"},{"@type":"ListItem","position":3,"name":"N\u01b0\u1edbc h\u1ed3ng s\u00e2m Pocheon (80ml \u00d730 g\u00f3i)"}]},{"@type":"WebSite","@id":"https:\/\/giaodien.3bvietnam.com\/nhikorea\/#website","url":"https:\/\/giaodien.3bvietnam.com\/nhikorea\/","name":"Nhikorea","description":"","potentialAction":[{"@type":"SearchAction","target":{"@type":"EntryPoint","urlTemplate":"https:\/\/giaodien.3bvietnam.com\/nhikorea\/?s={search_term_string}"},"query-input":"required name=search_term_string"}],"inLanguage":"vi"}]}},"_links":{"self":[{"href":"https:\/\/giaodien.3bvietnam.com\/nhikorea\/wp-json\/wp\/v2\/product\/715"}],"collection":[{"href":"https:\/\/giaodien.3bvietnam.com\/nhikorea\/wp-json\/wp\/v2\/product"}],"about":[{"href":"https:\/\/giaodien.3bvietnam.com\/nhikorea\/wp-json\/wp\/v2\/types\/product"}],"replies":[{"embeddable":true,"href":"https:\/\/giaodien.3bvietnam.com\/nhikorea\/wp-json\/wp\/v2\/comments?post=715"}],"wp:featuredmedia":[{"embeddable":true,"href":"https:\/\/giaodien.3bvietnam.com\/nhikorea\/wp-json\/wp\/v2\/media\/716"}],"wp:attachment":[{"href":"https:\/\/giaodien.3bvietnam.com\/nhikorea\/wp-json\/wp\/v2\/media?parent=715"}],"wp:term":[{"taxonomy":"product_cat","embeddable":true,"href":"https:\/\/giaodien.3bvietnam.com\/nhikorea\/wp-json\/wp\/v2\/product_cat?post=715"},{"taxonomy":"product_tag","embeddable":true,"href":"https:\/\/giaodien.3bvietnam.com\/nhikorea\/wp-json\/wp\/v2\/product_tag?post=715"}],"curies":[{"name":"wp","href":"https:\/\/api.w.org\/{rel}","templated":true}]}}