{"id":705,"date":"2023-10-11T09:04:13","date_gmt":"2023-10-11T02:04:13","guid":{"rendered":"https:\/\/giaodien.3bvietnam.com\/nhikorea\/?post_type=product&#038;p=705"},"modified":"2023-10-12T13:17:22","modified_gmt":"2023-10-12T06:17:22","slug":"hong-sam-nguyen-cu-tam-mat-ong-hop-8-cu-300g","status":"publish","type":"product","link":"https:\/\/giaodien.3bvietnam.com\/nhikorea\/san-pham\/hong-sam-nguyen-cu-tam-mat-ong-hop-8-cu-300g\/","title":{"rendered":"H\u1ed3ng s\u00e2m nguy\u00ean c\u1ee7 t\u1ea9m m\u1eadt ong (h\u1ed9p 8 c\u1ee7 (300g)"},"content":{"rendered":"<p><span style=\"font-weight: 400;\">\u2705TH\u00c0NH PH\u1ea6N<\/span><\/p>\n<ul>\n<li><span style=\"font-weight: 400;\">H\u1ed3ng s\u00e2m t\u1ea9m m\u1eadt ong l\u00e0 s\u1ea3n ph\u1ea9m \u0111\u01b0\u1ee3c ch\u1ebf bi\u1ebfn t\u1eeb c\u1ee7 h\u1ed3ng s\u00e2m 6 n\u0103m tu\u1ed5i c\u00f3 l\u01b0\u1ee3ng saponin cao theo ph\u01b0\u01a1ng ph\u00e1p h\u1ea5p c\u00e1ch thu\u1ef7, sau \u0111\u00f3 t\u1ea9m m\u1eadt ong r\u1eebng nguy\u00ean ch\u1ea5t.h\u00e0m l\u01b0\u1ee3ng dinh d\u01b0\u1ee1ng t\u0103ng g\u1ea5p b\u1ed9i\u00a0<\/span><\/li>\n<\/ul>\n<p><span style=\"font-weight: 400;\">\u2705C\u00d4NG D\u1ee4NG<\/span><\/p>\n<ul>\n<li><span style=\"font-weight: 400;\">Gi\u00fap t\u0103ng c\u01b0\u1eddng sinh l\u1ef1c, ch\u1ed1ng l\u00e3o h\u00f3a, n\u00e2ng cao tu\u1ed5i th\u1ecd\u2026<\/span><\/li>\n<li>\u0110i\u1ec1u h\u00f2a huy\u1ebft \u00e1p, ch\u1ed1ng x\u01a1 c\u1ee9ng \u0111\u1ed9ng m\u1ea1ch.<\/li>\n<li>T\u0103ng s\u1ee9c \u0111\u1ec1 kh\u00e1ng, t\u1ed1t cho gan th\u1eadn v\u00e0 t\u0103ng kh\u1ea3 n\u0103ng mi\u1ec5n d\u1ecbch<\/li>\n<li>Gi\u1ea3m cholesterol, k\u00edch th\u00edch qu\u00e1 tr\u00ecnh trao \u0111\u1ed5i ch\u1ea5t b\u00e9o v\u00e0 l\u01b0\u1ee3ng m\u1ee1 th\u1eeba b\u00ean trong c\u01a1 th\u1ec3, gi\u00fap gi\u1ea3m c\u00e2n<\/li>\n<li>C\u00e2n b\u1eb1ng huy\u1ebft \u00e1p, l\u01b0u th\u00f4ng kh\u00ed huy\u1ebft, gi\u1ea3m c\u00e1c nguy\u00ean nh\u00e2n g\u00e2y huy\u1ebft kh\u1ed1i, ph\u00f2ng ng\u1eeba t\u1eafc ngh\u1ebdn m\u1ea1ch m\u00e1u.<\/li>\n<li>Gi\u1ea3m c\u0103ng th\u1eb3ng, m\u1ec7t m\u1ecfi,\u00a0 gi\u00fap ng\u1ee7 ngon, tinh th\u1ea7n t\u1ec9nh t\u00e1o, gi\u1ea3m lo \u00e2u.<\/li>\n<li>K\u00edch th\u00edch \u0103n ngon,t\u1ed1t cho ti\u00eau h\u00f3a, \u0111i\u1ec1u h\u00f2a qu\u00e1 tr\u00ecnh trao \u0111\u1ed5i ch\u1ea5t, t\u0103ng hi\u1ec7u qu\u1ea3 kh\u00e1ng vi\u00eam v\u00e0 gi\u1ea3m vi\u00eam lo\u00e9t d\u1ea1 d\u00e0y.<\/li>\n<li>H\u1ed7 tr\u1ee3 v\u00e0 c\u1ea3i thi\u1ec7n ch\u1ee9c n\u0103ng gan, th\u1eadn, h\u1ed7 tr\u1ee3 \u0111\u00e0o th\u1ea3i \u0111\u1ed9c t\u1ed1.<\/li>\n<li>Gi\u00fap ph\u1ee5c h\u1ed3i tr\u00ed nh\u1edb \u0111ang suy gi\u1ea3m, c\u1ea3i thi\u1ec7n ch\u1ee9c n\u0103ng n\u00e3o \u1edf ng\u01b0\u1eddi l\u1edbn tu\u1ed5i.<\/li>\n<li>L\u00e0m \u0111\u1eb9p da, ng\u1eeba l\u00e3o h\u00f3a l\u00e0m gi\u1ea3m\u00a0 c\u00e1c n\u1ebfp nh\u0103n tr\u00ean da, ng\u1eeba m\u1ee5n tr\u1ee9ng c\u00e1, gi\u1eef tu\u1ed5i thanh xu\u00e2n d\u00e0i l\u00e2u.<\/li>\n<li>C\u1ea3i thi\u1ec7n \u0111i\u1ec1u h\u00f2a kinh nguy\u1ec7t, c\u00e2n b\u1eb1ng n\u1ed9i ti\u1ebft t\u1ed1, t\u0103ng c\u01b0\u1eddng sinh l\u00fd \u1edf nam v\u00e0 n\u1eef<\/li>\n<\/ul>\n<p><span style=\"font-weight: 400;\">\u2705C\u00c1CH D\u00d9NG<\/span><\/p>\n<ul>\n<li><span style=\"font-weight: 400;\">C\u1eaft c\u1ee7 s\u00e2m th\u00e0nh nh\u1eefng l\u00e1t m\u1ecfng \u0111\u1ec3 nhai ho\u1eb7c ng\u1eadm tr\u1ef1c ti\u1ebfp. M\u1ed7i l\u1ea7n d\u00f9ng 2-3 l\u00e1t <\/span><\/li>\n<li>Ho\u1eb7c c\u00f3 th\u1ec3 ng\u00e2m trong n\u01b0\u1edbc \u1ea5m r\u1ed3i d\u00f9ng t\u00f9y s\u1edf th\u00edch.<\/li>\n<\/ul>\n","protected":false},"excerpt":{"rendered":"<p><span style=\"font-weight: 400;\">Xu\u1ea5t X\u1ee9: <\/span><span style=\"font-weight: 400;\">H\u00e0n Qu\u1ed1c<\/span><\/p>\n<p><span style=\"font-weight: 400;\">Quy C\u00e1ch: H\u1ed9p 8 c\u1ee7 \/ 300g<\/span><\/p>\n","protected":false},"featured_media":711,"comment_status":"closed","ping_status":"closed","template":"","meta":[],"product_cat":[55,58],"product_tag":[],"yoast_head":"<!-- This site is optimized with the Yoast SEO plugin v21.3 - https:\/\/yoast.com\/wordpress\/plugins\/seo\/ -->\n<title>H\u1ed3ng s\u00e2m nguy\u00ean c\u1ee7 t\u1ea9m m\u1eadt ong (h\u1ed9p 8 c\u1ee7 (300g) - Nhikorea<\/title>\n<meta name=\"robots\" content=\"index, follow, max-snippet:-1, max-image-preview:large, max-video-preview:-1\" \/>\n<link rel=\"canonical\" href=\"https:\/\/giaodien.3bvietnam.com\/nhikorea\/san-pham\/hong-sam-nguyen-cu-tam-mat-ong-hop-8-cu-300g\/\" \/>\n<meta property=\"og:locale\" content=\"vi_VN\" \/>\n<meta property=\"og:type\" content=\"article\" \/>\n<meta property=\"og:title\" content=\"H\u1ed3ng s\u00e2m nguy\u00ean c\u1ee7 t\u1ea9m m\u1eadt ong (h\u1ed9p 8 c\u1ee7 (300g) - Nhikorea\" \/>\n<meta property=\"og:description\" content=\"Xu\u1ea5t X\u1ee9: H\u00e0n Qu\u1ed1c  Quy C\u00e1ch: H\u1ed9p 8 c\u1ee7 \/ 300g\" \/>\n<meta property=\"og:url\" content=\"https:\/\/giaodien.3bvietnam.com\/nhikorea\/san-pham\/hong-sam-nguyen-cu-tam-mat-ong-hop-8-cu-300g\/\" \/>\n<meta property=\"og:site_name\" content=\"Nhikorea\" \/>\n<meta property=\"article:modified_time\" content=\"2023-10-12T06:17:22+00:00\" \/>\n<meta property=\"og:image\" content=\"https:\/\/giaodien.3bvietnam.com\/nhikorea\/wp-content\/uploads\/2023\/10\/hong-sam-nguyen-cu-tam-mat-ong-3.png\" \/>\n\t<meta property=\"og:image:width\" content=\"1200\" \/>\n\t<meta property=\"og:image:height\" content=\"1200\" \/>\n\t<meta property=\"og:image:type\" content=\"image\/png\" \/>\n<meta name=\"twitter:card\" content=\"summary_large_image\" \/>\n<meta name=\"twitter:label1\" content=\"\u01af\u1edbc t\u00ednh th\u1eddi gian \u0111\u1ecdc\" \/>\n\t<meta name=\"twitter:data1\" content=\"2 ph\u00fat\" \/>\n<script type=\"application\/ld+json\" class=\"yoast-schema-graph\">{\"@context\":\"https:\/\/schema.org\",\"@graph\":[{\"@type\":\"WebPage\",\"@id\":\"https:\/\/giaodien.3bvietnam.com\/nhikorea\/san-pham\/hong-sam-nguyen-cu-tam-mat-ong-hop-8-cu-300g\/\",\"url\":\"https:\/\/giaodien.3bvietnam.com\/nhikorea\/san-pham\/hong-sam-nguyen-cu-tam-mat-ong-hop-8-cu-300g\/\",\"name\":\"H\u1ed3ng s\u00e2m nguy\u00ean c\u1ee7 t\u1ea9m m\u1eadt ong (h\u1ed9p 8 c\u1ee7 (300g) - Nhikorea\",\"isPartOf\":{\"@id\":\"https:\/\/giaodien.3bvietnam.com\/nhikorea\/#website\"},\"datePublished\":\"2023-10-11T02:04:13+00:00\",\"dateModified\":\"2023-10-12T06:17:22+00:00\",\"breadcrumb\":{\"@id\":\"https:\/\/giaodien.3bvietnam.com\/nhikorea\/san-pham\/hong-sam-nguyen-cu-tam-mat-ong-hop-8-cu-300g\/#breadcrumb\"},\"inLanguage\":\"vi\",\"potentialAction\":[{\"@type\":\"ReadAction\",\"target\":[\"https:\/\/giaodien.3bvietnam.com\/nhikorea\/san-pham\/hong-sam-nguyen-cu-tam-mat-ong-hop-8-cu-300g\/\"]}]},{\"@type\":\"BreadcrumbList\",\"@id\":\"https:\/\/giaodien.3bvietnam.com\/nhikorea\/san-pham\/hong-sam-nguyen-cu-tam-mat-ong-hop-8-cu-300g\/#breadcrumb\",\"itemListElement\":[{\"@type\":\"ListItem\",\"position\":1,\"name\":\"Home\",\"item\":\"https:\/\/giaodien.3bvietnam.com\/nhikorea\/\"},{\"@type\":\"ListItem\",\"position\":2,\"name\":\"S\u1ea3n ph\u1ea9m\",\"item\":\"https:\/\/giaodien.3bvietnam.com\/nhikorea\/san-pham\/\"},{\"@type\":\"ListItem\",\"position\":3,\"name\":\"H\u1ed3ng s\u00e2m nguy\u00ean c\u1ee7 t\u1ea9m m\u1eadt ong (h\u1ed9p 8 c\u1ee7 (300g)\"}]},{\"@type\":\"WebSite\",\"@id\":\"https:\/\/giaodien.3bvietnam.com\/nhikorea\/#website\",\"url\":\"https:\/\/giaodien.3bvietnam.com\/nhikorea\/\",\"name\":\"Nhikorea\",\"description\":\"\",\"potentialAction\":[{\"@type\":\"SearchAction\",\"target\":{\"@type\":\"EntryPoint\",\"urlTemplate\":\"https:\/\/giaodien.3bvietnam.com\/nhikorea\/?s={search_term_string}\"},\"query-input\":\"required name=search_term_string\"}],\"inLanguage\":\"vi\"}]}<\/script>\n<!-- \/ Yoast SEO plugin. -->","yoast_head_json":{"title":"H\u1ed3ng s\u00e2m nguy\u00ean c\u1ee7 t\u1ea9m m\u1eadt ong (h\u1ed9p 8 c\u1ee7 (300g) - Nhikorea","robots":{"index":"index","follow":"follow","max-snippet":"max-snippet:-1","max-image-preview":"max-image-preview:large","max-video-preview":"max-video-preview:-1"},"canonical":"https:\/\/giaodien.3bvietnam.com\/nhikorea\/san-pham\/hong-sam-nguyen-cu-tam-mat-ong-hop-8-cu-300g\/","og_locale":"vi_VN","og_type":"article","og_title":"H\u1ed3ng s\u00e2m nguy\u00ean c\u1ee7 t\u1ea9m m\u1eadt ong (h\u1ed9p 8 c\u1ee7 (300g) - Nhikorea","og_description":"Xu\u1ea5t X\u1ee9: H\u00e0n Qu\u1ed1c  Quy C\u00e1ch: H\u1ed9p 8 c\u1ee7 \/ 300g","og_url":"https:\/\/giaodien.3bvietnam.com\/nhikorea\/san-pham\/hong-sam-nguyen-cu-tam-mat-ong-hop-8-cu-300g\/","og_site_name":"Nhikorea","article_modified_time":"2023-10-12T06:17:22+00:00","og_image":[{"width":1200,"height":1200,"url":"https:\/\/giaodien.3bvietnam.com\/nhikorea\/wp-content\/uploads\/2023\/10\/hong-sam-nguyen-cu-tam-mat-ong-3.png","type":"image\/png"}],"twitter_card":"summary_large_image","twitter_misc":{"\u01af\u1edbc t\u00ednh th\u1eddi gian \u0111\u1ecdc":"2 ph\u00fat"},"schema":{"@context":"https:\/\/schema.org","@graph":[{"@type":"WebPage","@id":"https:\/\/giaodien.3bvietnam.com\/nhikorea\/san-pham\/hong-sam-nguyen-cu-tam-mat-ong-hop-8-cu-300g\/","url":"https:\/\/giaodien.3bvietnam.com\/nhikorea\/san-pham\/hong-sam-nguyen-cu-tam-mat-ong-hop-8-cu-300g\/","name":"H\u1ed3ng s\u00e2m nguy\u00ean c\u1ee7 t\u1ea9m m\u1eadt ong (h\u1ed9p 8 c\u1ee7 (300g) - Nhikorea","isPartOf":{"@id":"https:\/\/giaodien.3bvietnam.com\/nhikorea\/#website"},"datePublished":"2023-10-11T02:04:13+00:00","dateModified":"2023-10-12T06:17:22+00:00","breadcrumb":{"@id":"https:\/\/giaodien.3bvietnam.com\/nhikorea\/san-pham\/hong-sam-nguyen-cu-tam-mat-ong-hop-8-cu-300g\/#breadcrumb"},"inLanguage":"vi","potentialAction":[{"@type":"ReadAction","target":["https:\/\/giaodien.3bvietnam.com\/nhikorea\/san-pham\/hong-sam-nguyen-cu-tam-mat-ong-hop-8-cu-300g\/"]}]},{"@type":"BreadcrumbList","@id":"https:\/\/giaodien.3bvietnam.com\/nhikorea\/san-pham\/hong-sam-nguyen-cu-tam-mat-ong-hop-8-cu-300g\/#breadcrumb","itemListElement":[{"@type":"ListItem","position":1,"name":"Home","item":"https:\/\/giaodien.3bvietnam.com\/nhikorea\/"},{"@type":"ListItem","position":2,"name":"S\u1ea3n ph\u1ea9m","item":"https:\/\/giaodien.3bvietnam.com\/nhikorea\/san-pham\/"},{"@type":"ListItem","position":3,"name":"H\u1ed3ng s\u00e2m nguy\u00ean c\u1ee7 t\u1ea9m m\u1eadt ong (h\u1ed9p 8 c\u1ee7 (300g)"}]},{"@type":"WebSite","@id":"https:\/\/giaodien.3bvietnam.com\/nhikorea\/#website","url":"https:\/\/giaodien.3bvietnam.com\/nhikorea\/","name":"Nhikorea","description":"","potentialAction":[{"@type":"SearchAction","target":{"@type":"EntryPoint","urlTemplate":"https:\/\/giaodien.3bvietnam.com\/nhikorea\/?s={search_term_string}"},"query-input":"required name=search_term_string"}],"inLanguage":"vi"}]}},"_links":{"self":[{"href":"https:\/\/giaodien.3bvietnam.com\/nhikorea\/wp-json\/wp\/v2\/product\/705"}],"collection":[{"href":"https:\/\/giaodien.3bvietnam.com\/nhikorea\/wp-json\/wp\/v2\/product"}],"about":[{"href":"https:\/\/giaodien.3bvietnam.com\/nhikorea\/wp-json\/wp\/v2\/types\/product"}],"replies":[{"embeddable":true,"href":"https:\/\/giaodien.3bvietnam.com\/nhikorea\/wp-json\/wp\/v2\/comments?post=705"}],"wp:featuredmedia":[{"embeddable":true,"href":"https:\/\/giaodien.3bvietnam.com\/nhikorea\/wp-json\/wp\/v2\/media\/711"}],"wp:attachment":[{"href":"https:\/\/giaodien.3bvietnam.com\/nhikorea\/wp-json\/wp\/v2\/media?parent=705"}],"wp:term":[{"taxonomy":"product_cat","embeddable":true,"href":"https:\/\/giaodien.3bvietnam.com\/nhikorea\/wp-json\/wp\/v2\/product_cat?post=705"},{"taxonomy":"product_tag","embeddable":true,"href":"https:\/\/giaodien.3bvietnam.com\/nhikorea\/wp-json\/wp\/v2\/product_tag?post=705"}],"curies":[{"name":"wp","href":"https:\/\/api.w.org\/{rel}","templated":true}]}}